{"id":86,"date":"2017-05-30T21:52:26","date_gmt":"2017-05-30T19:52:26","guid":{"rendered":"http:\/\/christine-magnetiseur-guerisseur.com\/?page_id=86"},"modified":"2023-05-28T21:15:33","modified_gmt":"2023-05-28T19:15:33","slug":"utiliser-les-points-dacupuncture-arret-du-tabac-douleurs-soins-reflexologie","status":"publish","type":"page","link":"https:\/\/christine-magnetiseur-guerisseur.com\/index.php\/utiliser-les-points-dacupuncture-arret-du-tabac-douleurs-soins-reflexologie\/","title":{"rendered":"Auriculoth\u00e9rapie"},"content":{"rendered":"<blockquote>\n<h4><span style=\"color: #11a5fa;\"><span style=\"color: #0693e3;\">\u00ab\u00a0SI L&rsquo;OREILLE SERT \u00c0 ENTENDRE, SON PAVILLON EST \u00c0 L&rsquo;\u00c9COUTE DE VOS MAUX\u00a0\u00bb<\/span>&nbsp;<\/span><\/h4>\n<\/blockquote>\n<hr>\n<p><img loading=\"lazy\" decoding=\"async\" class=\"alignright wp-image-89 size-medium\" src=\"https:\/\/christine-magnetiseur-guerisseur.com\/wp-content\/uploads\/2017\/05\/Oreille-225x300.jpg\" alt=\"Auriculoth\u00e9rapie - Bassin d'Arcachon\" width=\"225\" height=\"300\" srcset=\"https:\/\/christine-magnetiseur-guerisseur.com\/wp-content\/uploads\/2017\/05\/Oreille-225x300.jpg 225w, https:\/\/christine-magnetiseur-guerisseur.com\/wp-content\/uploads\/2017\/05\/Oreille-768x1024.jpg 768w, https:\/\/christine-magnetiseur-guerisseur.com\/wp-content\/uploads\/2017\/05\/Oreille.jpg 810w\" sizes=\"auto, (max-width: 225px) 100vw, 225px\" \/><br><span style=\"color: #003366;\">Cette technique consiste \u00e0 utiliser les points d&rsquo;acupuncture du pavillon de l&rsquo;oreille pour traiter divers troubles fonctionnels ou maladies.<\/span><br><span style=\"color: #003366;\"> Gr\u00e2ce \u00e0 une innervation complexe, les points de l&rsquo;oreille sont li\u00e9s directement au syst\u00e8me nerveux central par l&rsquo;interm\u00e9diaire du tronc c\u00e9r\u00e9bral.<\/span><br><span style=\"color: #003366;\"> Il y a plus de 200 points par pavillon auriculaire.<\/span><\/p>\n<p><span style=\"color: #003366;\">Une stimulation de ces points permet de traiter la partie du corps ou organe auxquels ils correspondent.<\/span><\/p>\n<p><span style=\"color: #0693e3;\"><strong>L&rsquo;auriculoth\u00e9rapie est particuli\u00e8rement efficace pour :<\/strong><\/span><\/p>\n<p><img loading=\"lazy\" decoding=\"async\" class=\"alignright wp-image-94\" src=\"https:\/\/christine-magnetiseur-guerisseur.com\/wp-content\/uploads\/2017\/05\/Oreille2-298x300.jpg\" alt=\"Les points d'acupuncture Christine Basse\" width=\"379\" height=\"381\" srcset=\"https:\/\/christine-magnetiseur-guerisseur.com\/wp-content\/uploads\/2017\/05\/Oreille2-298x300.jpg 298w, https:\/\/christine-magnetiseur-guerisseur.com\/wp-content\/uploads\/2017\/05\/Oreille2-150x150.jpg 150w, https:\/\/christine-magnetiseur-guerisseur.com\/wp-content\/uploads\/2017\/05\/Oreille2-768x774.jpg 768w, https:\/\/christine-magnetiseur-guerisseur.com\/wp-content\/uploads\/2017\/05\/Oreille2-1015x1024.jpg 1015w, https:\/\/christine-magnetiseur-guerisseur.com\/wp-content\/uploads\/2017\/05\/Oreille2.jpg 1071w\" sizes=\"auto, (max-width: 379px) 100vw, 379px\" \/><span style=\"color: #003366;\">&#8211; Les douleurs aigu\u00ebs: articulaires, musculaires, blessures ,dentaires&#8230;<\/span><\/p>\n<p><span style=\"color: #003366;\">&#8211; Les douleurs chroniques: n\u00e9vralgie, migraine, sciatique&#8230;<\/span><\/p>\n<p><span style=\"color: #003366;\">&#8211; Les troubles psychiques et du syst\u00e8me nerveux: Acouph\u00e8nes, insomnies, migraines, paralysie faciale, spasmophilie, stress, anxi\u00e9t\u00e9, d\u00e9pression&#8230;<\/span><\/p>\n<p><span style=\"color: #003366;\">&#8211; Les conflits de lat\u00e9ralisation: dyslexie, b\u00e9gaiement, troubles de l\u2019\u00e9criture&#8230;<\/span><\/p>\n<p><span style=\"color: #003366;\">&#8211; Les troubles cardio-vasculaires<\/span><\/p>\n<p><span style=\"color: #003366;\">&#8211; Les troubles digestifs<\/span><\/p>\n<p><span style=\"color: #003366;\">&#8211; Les troubles gyn\u00e9cologiques: syndrome pr\u00e9menstruel et autres&#8230;<\/span><\/p>\n<p><span style=\"color: #003366;\">&#8211; Maladie auto immune<\/span><\/p>\n<p><span style=\"color: #003366;\">&#8211; Les d\u00e9pendances: tabac, drogue, alcool, m\u00e9dicaments, ma\u00eetrise de l&rsquo;app\u00e9tit&#8230;<\/span><\/p>\n<p><span style=\"color: #11a5fa;\"><strong>Par exemple :<\/strong><\/span><\/p>\n<p><span style=\"color: #003366;\">Protocole arr\u00eat du tabac: 3 s\u00e9ances sur 3 jours cons\u00e9cutifs, 3 th\u00e9rapies associ\u00e9es, elle vous fait fumer 3 fois pendant le soin.<\/span><br><span style=\"color: #003366;\"> Et vous voil\u00e0 d\u00e9go\u00fbt\u00e9 du tabac !<\/span><\/p>\n<p><span style=\"color: #11a5fa;\"><strong>Un peu d&rsquo;histoire:<\/strong><\/span><\/p>\n<p><span style=\"color: #003366;\">L&rsquo;Auriculoth\u00e9rapie est une r\u00e9flexologie t\u00e9gumentaire qui utilise le pavillon de l&rsquo;oreille comme zone r\u00e9flexe dans un but diagnostic et th\u00e9rapeutique. Cette m\u00e9thode, tr\u00e8s ancienne, a \u00e9t\u00e9 red\u00e9couverte, il y a plus de cinquante ans par le Docteur Paul NOGIER (1908-1996), m\u00e9decin Lyonnais, et s&rsquo;est ensuite consid\u00e9rablement d\u00e9velopp\u00e9e dans le monde entier.<\/span><\/p>\n<p><span style=\"color: #003366;\">L&rsquo;Occident a mis tr\u00e8s longtemps \u00e0 comprendre qu&rsquo;il y avait plusieurs moyens de parler \u00e0 notre corps, et qu&rsquo;il n&rsquo;\u00e9tait pas n\u00e9cessaire pour lui redonner son \u00e9quilibre, de lui administrer des m\u00e9dicaments, mais qu&rsquo;il \u00e9tait possible d&rsquo;avoir sur lui un pouvoir \u00ab par l&rsquo;ext\u00e9rieur \u00bb, en stimulant certains points sur la peau.<\/span><br><span style=\"color: #003366;\"> En effet, la m\u00e9decine chinoise nous r\u00e9v\u00e8le depuis 5000 ans par l&rsquo;acupuncture et l&rsquo;auriculoth\u00e9rapie, le pouvoir th\u00e9rapeutique des voies \u00e9nerg\u00e9tiques qui traversent l&rsquo;organisme.<\/span><\/p>\n<p><span style=\"color: #003366;\">Vous d\u00e9sirez soigner votre tabagisme&nbsp;autrement qu\u2019avec les m\u00e9dicaments ? Laissez-vous tenter par l\u2019auriculoth\u00e9rapie&nbsp;! D\u2019origine fran\u00e7aise, <a style=\"color: #003366;\" href=\"http:\/\/www.christine-magnetiseur-guerisseur.fr\/auriculotherapie.php\">l\u2019auriculoth\u00e9rapie<\/a> est une m\u00e9thode th\u00e9rapeutique visant \u00e0 traiter certaines maladies en stimulant des points pr\u00e9cis du pavillon de votre oreille. Et aussi \u00e9tonnant que cela puisse para\u00eetre,&nbsp; de la m\u00eame mani\u00e8re que tout votre corps se trouve dans le pied ou la main avec la r\u00e9flexologie, voici qu\u2019il se refl\u00e8te \u00e9galement dans votre oreille&nbsp;avec l\u2019auriculoth\u00e9rapie! Votre oreille est consid\u00e9r\u00e9e comme le miroir de votre organisme, d\u2019o\u00f9 sa comparaison avec un f\u0153tus renvers\u00e9&nbsp;! L\u2019auriculoth\u00e9rapie peut devenir un aide alternatif lorsque les traitements conventionnels s\u2019av\u00e8rent inefficaces. Elle soigne par exemple, les douleurs articulaires, le stress, &nbsp;la migraine, les d\u00e9pendances\u2026 Faites-vous soigner par un auriculoth\u00e9rapeute qualifi\u00e9, votre d\u00e9pendance au tabac partira en &nbsp;fum\u00e9e&nbsp;!<\/span><\/p>\n<hr>\n<p style=\"text-align: right;\"><span style=\"color: #000000;\"><span style=\"color: #11a5fa;\"><strong>Christine BASSE FRANKS<\/strong><\/span>&nbsp;<span style=\"color: #003366;\">&#8211; magn\u00e9tiseuse &#8211; gu\u00e9risseuse<\/span><\/span><\/p>\n<p><\/p>\n\n\n<p class=\"has-text-align-center has-very-light-gray-color has-text-color\"><a href=\"https:\/\/christine-magnetiseur-guerisseur.com\/index.php\/auriculotherapie-le-teich\/\">Auriculoth\u00e9rapie le Teich<\/a> &#8211; Auriculoth\u00e9rapie la Teste de Buch &#8211; Auriculoth\u00e9rapie Arcachon<\/p>\n\n\n","protected":false},"excerpt":{"rendered":"<p>\u00ab\u00a0SI L&rsquo;OREILLE SERT \u00c0 ENTENDRE, SON PAVILLON EST \u00c0 L&rsquo;\u00c9COUTE DE VOS MAUX\u00a0\u00bb&nbsp; Cette technique consiste \u00e0 utiliser les points d&rsquo;acupuncture du pavillon de l&rsquo;oreille pour traiter divers troubles fonctionnels ou maladies. Gr\u00e2ce \u00e0 une innervation complexe, les points de l&rsquo;oreille sont li\u00e9s directement au syst\u00e8me nerveux central par l&rsquo;interm\u00e9diaire du tronc c\u00e9r\u00e9bral. Il y<\/p>\n","protected":false},"author":2,"featured_media":0,"parent":0,"menu_order":0,"comment_status":"closed","ping_status":"closed","template":"page-fullwidth.php","meta":{"footnotes":""},"class_list":["post-86","page","type-page","status-publish","hentry"],"yoast_head":"<!-- This site is optimized with the Yoast SEO plugin v27.4 - https:\/\/yoast.com\/product\/yoast-seo-wordpress\/ -->\n<title>utiliser les points d&#039;acupuncture du pavillon de l&#039;oreille<\/title>\n<meta name=\"description\" content=\"Cette technique consiste \u00e0 utiliser les points d&#039;acupuncture du pavillon de l&#039;oreille pour traiter divers troubles fonctionnels ou maladies.\" \/>\n<meta name=\"robots\" content=\"index, follow, max-snippet:-1, max-image-preview:large, max-video-preview:-1\" \/>\n<link rel=\"canonical\" href=\"https:\/\/christine-magnetiseur-guerisseur.com\/index.php\/utiliser-les-points-dacupuncture-arret-du-tabac-douleurs-soins-reflexologie\/\" \/>\n<meta property=\"og:locale\" content=\"fr_FR\" \/>\n<meta property=\"og:type\" content=\"article\" \/>\n<meta property=\"og:title\" content=\"utiliser les points d&#039;acupuncture du pavillon de l&#039;oreille\" \/>\n<meta property=\"og:description\" content=\"Cette technique consiste \u00e0 utiliser les points d&#039;acupuncture du pavillon de l&#039;oreille pour traiter divers troubles fonctionnels ou maladies.\" \/>\n<meta property=\"og:url\" content=\"https:\/\/christine-magnetiseur-guerisseur.com\/index.php\/utiliser-les-points-dacupuncture-arret-du-tabac-douleurs-soins-reflexologie\/\" \/>\n<meta property=\"article:modified_time\" content=\"2023-05-28T19:15:33+00:00\" \/>\n<meta property=\"og:image\" content=\"http:\/\/christine-magnetiseur-guerisseur.com\/wp-content\/uploads\/2017\/05\/Oreille-225x300.jpg\" \/>\n<meta name=\"twitter:card\" content=\"summary_large_image\" \/>\n<meta name=\"twitter:label1\" content=\"Dur\u00e9e de lecture estim\u00e9e\" \/>\n\t<meta name=\"twitter:data1\" content=\"3 minutes\" \/>\n<script type=\"application\/ld+json\" class=\"yoast-schema-graph\">{\"@context\":\"https:\\\/\\\/schema.org\",\"@graph\":[{\"@type\":\"WebPage\",\"@id\":\"https:\\\/\\\/christine-magnetiseur-guerisseur.com\\\/index.php\\\/utiliser-les-points-dacupuncture-arret-du-tabac-douleurs-soins-reflexologie\\\/\",\"url\":\"https:\\\/\\\/christine-magnetiseur-guerisseur.com\\\/index.php\\\/utiliser-les-points-dacupuncture-arret-du-tabac-douleurs-soins-reflexologie\\\/\",\"name\":\"utiliser les points d'acupuncture du pavillon de l'oreille\",\"isPartOf\":{\"@id\":\"https:\\\/\\\/christine-magnetiseur-guerisseur.com\\\/#website\"},\"primaryImageOfPage\":{\"@id\":\"https:\\\/\\\/christine-magnetiseur-guerisseur.com\\\/index.php\\\/utiliser-les-points-dacupuncture-arret-du-tabac-douleurs-soins-reflexologie\\\/#primaryimage\"},\"image\":{\"@id\":\"https:\\\/\\\/christine-magnetiseur-guerisseur.com\\\/index.php\\\/utiliser-les-points-dacupuncture-arret-du-tabac-douleurs-soins-reflexologie\\\/#primaryimage\"},\"thumbnailUrl\":\"http:\\\/\\\/christine-magnetiseur-guerisseur.com\\\/wp-content\\\/uploads\\\/2017\\\/05\\\/Oreille-225x300.jpg\",\"datePublished\":\"2017-05-30T19:52:26+00:00\",\"dateModified\":\"2023-05-28T19:15:33+00:00\",\"description\":\"Cette technique consiste \u00e0 utiliser les points d'acupuncture du pavillon de l'oreille pour traiter divers troubles fonctionnels ou maladies.\",\"breadcrumb\":{\"@id\":\"https:\\\/\\\/christine-magnetiseur-guerisseur.com\\\/index.php\\\/utiliser-les-points-dacupuncture-arret-du-tabac-douleurs-soins-reflexologie\\\/#breadcrumb\"},\"inLanguage\":\"fr-FR\",\"potentialAction\":[{\"@type\":\"ReadAction\",\"target\":[\"https:\\\/\\\/christine-magnetiseur-guerisseur.com\\\/index.php\\\/utiliser-les-points-dacupuncture-arret-du-tabac-douleurs-soins-reflexologie\\\/\"]}]},{\"@type\":\"ImageObject\",\"inLanguage\":\"fr-FR\",\"@id\":\"https:\\\/\\\/christine-magnetiseur-guerisseur.com\\\/index.php\\\/utiliser-les-points-dacupuncture-arret-du-tabac-douleurs-soins-reflexologie\\\/#primaryimage\",\"url\":\"http:\\\/\\\/christine-magnetiseur-guerisseur.com\\\/wp-content\\\/uploads\\\/2017\\\/05\\\/Oreille-225x300.jpg\",\"contentUrl\":\"http:\\\/\\\/christine-magnetiseur-guerisseur.com\\\/wp-content\\\/uploads\\\/2017\\\/05\\\/Oreille-225x300.jpg\"},{\"@type\":\"BreadcrumbList\",\"@id\":\"https:\\\/\\\/christine-magnetiseur-guerisseur.com\\\/index.php\\\/utiliser-les-points-dacupuncture-arret-du-tabac-douleurs-soins-reflexologie\\\/#breadcrumb\",\"itemListElement\":[{\"@type\":\"ListItem\",\"position\":1,\"name\":\"Accueil\",\"item\":\"https:\\\/\\\/christine-magnetiseur-guerisseur.com\\\/\"},{\"@type\":\"ListItem\",\"position\":2,\"name\":\"Auriculoth\u00e9rapie\"}]},{\"@type\":\"WebSite\",\"@id\":\"https:\\\/\\\/christine-magnetiseur-guerisseur.com\\\/#website\",\"url\":\"https:\\\/\\\/christine-magnetiseur-guerisseur.com\\\/\",\"name\":\"\",\"description\":\"Christine Basse Franks \u00e0 l&#039;\u00e9coute du corps...\",\"publisher\":{\"@id\":\"https:\\\/\\\/christine-magnetiseur-guerisseur.com\\\/#\\\/schema\\\/person\\\/9f9527ef5b3209c6239aa0a4250ed75f\"},\"potentialAction\":[{\"@type\":\"SearchAction\",\"target\":{\"@type\":\"EntryPoint\",\"urlTemplate\":\"https:\\\/\\\/christine-magnetiseur-guerisseur.com\\\/?s={search_term_string}\"},\"query-input\":{\"@type\":\"PropertyValueSpecification\",\"valueRequired\":true,\"valueName\":\"search_term_string\"}}],\"inLanguage\":\"fr-FR\"},{\"@type\":[\"Person\",\"Organization\"],\"@id\":\"https:\\\/\\\/christine-magnetiseur-guerisseur.com\\\/#\\\/schema\\\/person\\\/9f9527ef5b3209c6239aa0a4250ed75f\",\"name\":\"Christine Basse\",\"image\":{\"@type\":\"ImageObject\",\"inLanguage\":\"fr-FR\",\"@id\":\"http:\\\/\\\/christine-magnetiseur-guerisseur.com\\\/wp-content\\\/uploads\\\/2020\\\/07\\\/BD\u00a9-Christine-Se\u0301lection-_BDT0636.jpg\",\"url\":\"http:\\\/\\\/christine-magnetiseur-guerisseur.com\\\/wp-content\\\/uploads\\\/2020\\\/07\\\/BD\u00a9-Christine-Se\u0301lection-_BDT0636.jpg\",\"contentUrl\":\"http:\\\/\\\/christine-magnetiseur-guerisseur.com\\\/wp-content\\\/uploads\\\/2020\\\/07\\\/BD\u00a9-Christine-Se\u0301lection-_BDT0636.jpg\",\"width\":1047,\"height\":1571,\"caption\":\"Christine Basse\"},\"logo\":{\"@id\":\"http:\\\/\\\/christine-magnetiseur-guerisseur.com\\\/wp-content\\\/uploads\\\/2020\\\/07\\\/BD\u00a9-Christine-Se\u0301lection-_BDT0636.jpg\"}}]}<\/script>\n<!-- \/ Yoast SEO plugin. -->","yoast_head_json":{"title":"utiliser les points d'acupuncture du pavillon de l'oreille","description":"Cette technique consiste \u00e0 utiliser les points d'acupuncture du pavillon de l'oreille pour traiter divers troubles fonctionnels ou maladies.","robots":{"index":"index","follow":"follow","max-snippet":"max-snippet:-1","max-image-preview":"max-image-preview:large","max-video-preview":"max-video-preview:-1"},"canonical":"https:\/\/christine-magnetiseur-guerisseur.com\/index.php\/utiliser-les-points-dacupuncture-arret-du-tabac-douleurs-soins-reflexologie\/","og_locale":"fr_FR","og_type":"article","og_title":"utiliser les points d'acupuncture du pavillon de l'oreille","og_description":"Cette technique consiste \u00e0 utiliser les points d'acupuncture du pavillon de l'oreille pour traiter divers troubles fonctionnels ou maladies.","og_url":"https:\/\/christine-magnetiseur-guerisseur.com\/index.php\/utiliser-les-points-dacupuncture-arret-du-tabac-douleurs-soins-reflexologie\/","article_modified_time":"2023-05-28T19:15:33+00:00","og_image":[{"url":"http:\/\/christine-magnetiseur-guerisseur.com\/wp-content\/uploads\/2017\/05\/Oreille-225x300.jpg","type":"","width":"","height":""}],"twitter_card":"summary_large_image","twitter_misc":{"Dur\u00e9e de lecture estim\u00e9e":"3 minutes"},"schema":{"@context":"https:\/\/schema.org","@graph":[{"@type":"WebPage","@id":"https:\/\/christine-magnetiseur-guerisseur.com\/index.php\/utiliser-les-points-dacupuncture-arret-du-tabac-douleurs-soins-reflexologie\/","url":"https:\/\/christine-magnetiseur-guerisseur.com\/index.php\/utiliser-les-points-dacupuncture-arret-du-tabac-douleurs-soins-reflexologie\/","name":"utiliser les points d'acupuncture du pavillon de l'oreille","isPartOf":{"@id":"https:\/\/christine-magnetiseur-guerisseur.com\/#website"},"primaryImageOfPage":{"@id":"https:\/\/christine-magnetiseur-guerisseur.com\/index.php\/utiliser-les-points-dacupuncture-arret-du-tabac-douleurs-soins-reflexologie\/#primaryimage"},"image":{"@id":"https:\/\/christine-magnetiseur-guerisseur.com\/index.php\/utiliser-les-points-dacupuncture-arret-du-tabac-douleurs-soins-reflexologie\/#primaryimage"},"thumbnailUrl":"http:\/\/christine-magnetiseur-guerisseur.com\/wp-content\/uploads\/2017\/05\/Oreille-225x300.jpg","datePublished":"2017-05-30T19:52:26+00:00","dateModified":"2023-05-28T19:15:33+00:00","description":"Cette technique consiste \u00e0 utiliser les points d'acupuncture du pavillon de l'oreille pour traiter divers troubles fonctionnels ou maladies.","breadcrumb":{"@id":"https:\/\/christine-magnetiseur-guerisseur.com\/index.php\/utiliser-les-points-dacupuncture-arret-du-tabac-douleurs-soins-reflexologie\/#breadcrumb"},"inLanguage":"fr-FR","potentialAction":[{"@type":"ReadAction","target":["https:\/\/christine-magnetiseur-guerisseur.com\/index.php\/utiliser-les-points-dacupuncture-arret-du-tabac-douleurs-soins-reflexologie\/"]}]},{"@type":"ImageObject","inLanguage":"fr-FR","@id":"https:\/\/christine-magnetiseur-guerisseur.com\/index.php\/utiliser-les-points-dacupuncture-arret-du-tabac-douleurs-soins-reflexologie\/#primaryimage","url":"http:\/\/christine-magnetiseur-guerisseur.com\/wp-content\/uploads\/2017\/05\/Oreille-225x300.jpg","contentUrl":"http:\/\/christine-magnetiseur-guerisseur.com\/wp-content\/uploads\/2017\/05\/Oreille-225x300.jpg"},{"@type":"BreadcrumbList","@id":"https:\/\/christine-magnetiseur-guerisseur.com\/index.php\/utiliser-les-points-dacupuncture-arret-du-tabac-douleurs-soins-reflexologie\/#breadcrumb","itemListElement":[{"@type":"ListItem","position":1,"name":"Accueil","item":"https:\/\/christine-magnetiseur-guerisseur.com\/"},{"@type":"ListItem","position":2,"name":"Auriculoth\u00e9rapie"}]},{"@type":"WebSite","@id":"https:\/\/christine-magnetiseur-guerisseur.com\/#website","url":"https:\/\/christine-magnetiseur-guerisseur.com\/","name":"","description":"Christine Basse Franks \u00e0 l&#039;\u00e9coute du corps...","publisher":{"@id":"https:\/\/christine-magnetiseur-guerisseur.com\/#\/schema\/person\/9f9527ef5b3209c6239aa0a4250ed75f"},"potentialAction":[{"@type":"SearchAction","target":{"@type":"EntryPoint","urlTemplate":"https:\/\/christine-magnetiseur-guerisseur.com\/?s={search_term_string}"},"query-input":{"@type":"PropertyValueSpecification","valueRequired":true,"valueName":"search_term_string"}}],"inLanguage":"fr-FR"},{"@type":["Person","Organization"],"@id":"https:\/\/christine-magnetiseur-guerisseur.com\/#\/schema\/person\/9f9527ef5b3209c6239aa0a4250ed75f","name":"Christine Basse","image":{"@type":"ImageObject","inLanguage":"fr-FR","@id":"http:\/\/christine-magnetiseur-guerisseur.com\/wp-content\/uploads\/2020\/07\/BD\u00a9-Christine-Se\u0301lection-_BDT0636.jpg","url":"http:\/\/christine-magnetiseur-guerisseur.com\/wp-content\/uploads\/2020\/07\/BD\u00a9-Christine-Se\u0301lection-_BDT0636.jpg","contentUrl":"http:\/\/christine-magnetiseur-guerisseur.com\/wp-content\/uploads\/2020\/07\/BD\u00a9-Christine-Se\u0301lection-_BDT0636.jpg","width":1047,"height":1571,"caption":"Christine Basse"},"logo":{"@id":"http:\/\/christine-magnetiseur-guerisseur.com\/wp-content\/uploads\/2020\/07\/BD\u00a9-Christine-Se\u0301lection-_BDT0636.jpg"}}]}},"_links":{"self":[{"href":"https:\/\/christine-magnetiseur-guerisseur.com\/index.php\/wp-json\/wp\/v2\/pages\/86","targetHints":{"allow":["GET"]}}],"collection":[{"href":"https:\/\/christine-magnetiseur-guerisseur.com\/index.php\/wp-json\/wp\/v2\/pages"}],"about":[{"href":"https:\/\/christine-magnetiseur-guerisseur.com\/index.php\/wp-json\/wp\/v2\/types\/page"}],"author":[{"embeddable":true,"href":"https:\/\/christine-magnetiseur-guerisseur.com\/index.php\/wp-json\/wp\/v2\/users\/2"}],"replies":[{"embeddable":true,"href":"https:\/\/christine-magnetiseur-guerisseur.com\/index.php\/wp-json\/wp\/v2\/comments?post=86"}],"version-history":[{"count":53,"href":"https:\/\/christine-magnetiseur-guerisseur.com\/index.php\/wp-json\/wp\/v2\/pages\/86\/revisions"}],"predecessor-version":[{"id":805,"href":"https:\/\/christine-magnetiseur-guerisseur.com\/index.php\/wp-json\/wp\/v2\/pages\/86\/revisions\/805"}],"wp:attachment":[{"href":"https:\/\/christine-magnetiseur-guerisseur.com\/index.php\/wp-json\/wp\/v2\/media?parent=86"}],"curies":[{"name":"wp","href":"https:\/\/api.w.org\/{rel}","templated":true}]}}