{"id":675,"date":"2020-07-24T10:00:48","date_gmt":"2020-07-24T08:00:48","guid":{"rendered":"http:\/\/christine-magnetiseur-guerisseur.com\/?page_id=675"},"modified":"2020-09-04T20:46:48","modified_gmt":"2020-09-04T18:46:48","slug":"ma-bio","status":"publish","type":"page","link":"https:\/\/christine-magnetiseur-guerisseur.com\/index.php\/ma-bio\/","title":{"rendered":"Ma bio"},"content":{"rendered":"\n<p><img loading=\"lazy\" decoding=\"async\" class=\"alignleft wp-image-674\" src=\"https:\/\/christine-magnetiseur-guerisseur.com\/wp-content\/uploads\/2020\/07\/BD\u00a9-Christine-Se\u0301lection-_BDT0636-200x300.jpg\" alt=\"Christine Basse Franks\" width=\"126\" height=\"189\" srcset=\"https:\/\/christine-magnetiseur-guerisseur.com\/wp-content\/uploads\/2020\/07\/BD\u00a9-Christine-Se\u0301lection-_BDT0636-200x300.jpg 200w, https:\/\/christine-magnetiseur-guerisseur.com\/wp-content\/uploads\/2020\/07\/BD\u00a9-Christine-Se\u0301lection-_BDT0636-682x1024.jpg 682w, https:\/\/christine-magnetiseur-guerisseur.com\/wp-content\/uploads\/2020\/07\/BD\u00a9-Christine-Se\u0301lection-_BDT0636-768x1152.jpg 768w, https:\/\/christine-magnetiseur-guerisseur.com\/wp-content\/uploads\/2020\/07\/BD\u00a9-Christine-Se\u0301lection-_BDT0636-1024x1536.jpg 1024w, https:\/\/christine-magnetiseur-guerisseur.com\/wp-content\/uploads\/2020\/07\/BD\u00a9-Christine-Se\u0301lection-_BDT0636.jpg 1047w\" sizes=\"auto, (max-width: 126px) 100vw, 126px\" \/>Je m&rsquo;appelle Christine Basse Franks, <a href=\"https:\/\/christine-magnetiseur-guerisseur.com\/index.php\/guerissuese-magnetiseuse\/\">Gu\u00e9risseuse Magn\u00e9tiseuse<\/a> depuis de nombreuse ann\u00e9es.<\/p>\n<p>C&rsquo;est \u00e0 l&rsquo;adolescence que j&rsquo;ai d\u00e9couvert que je poss\u00e9dais le don de magn\u00e9tisme. J&rsquo;ai alors explor\u00e9 ce don afin de comprendre comment l&rsquo;utiliser pour faire du bien.<\/p>\n<p>Ce n&rsquo;est que plus tard que j&rsquo;ai appris que ce don m&rsquo;a \u00e9t\u00e9 transmis par mon arri\u00e8re grand-p\u00e8re paternel, qui \u00e9tait aussi Gu\u00e9risseur &#8211; Magn\u00e9tiseur.<\/p>\n<p><img loading=\"lazy\" decoding=\"async\" class=\"alignright wp-image-694\" src=\"https:\/\/christine-magnetiseur-guerisseur.com\/wp-content\/uploads\/2020\/08\/Mon-Arriere-Grand-Pere.jpg\" alt=\"Arri\u00e8re Grand P\u00e8re Paternel Christine Basse Franks\" width=\"134\" height=\"156\" \/>Il soignait les animaux dans les fermes mais aussi les fermiers et les ouvriers ,et a exerc\u00e9 toute sa vie ce don.<\/p>\n<p>J&rsquo;ai donc pendant mes premi\u00e8res ann\u00e9es appris \u00e0 d\u00e9couvrir et exercer avec ce don avant de me former \u00e0 d&rsquo;autres sp\u00e9cialit\u00e9s :<\/p>\n<ul>\n<li><a href=\"https:\/\/christine-magnetiseur-guerisseur.com\/index.php\/reflexotherapie-christine-basse\/\" target=\"_blank\" rel=\"noopener noreferrer\">la r\u00e9flexoth\u00e9rapie plantaire et palmaire<\/a><\/li>\n<li><a href=\"https:\/\/christine-magnetiseur-guerisseur.com\/index.php\/auriculotherapie\/\" target=\"_blank\" rel=\"noopener noreferrer\">l&rsquo;auriculoth\u00e9rapie<\/a><\/li>\n<li><a href=\"https:\/\/christine-magnetiseur-guerisseur.com\/index.php\/therapie-manuelle-fluidique\/\" target=\"_blank\" rel=\"noopener noreferrer\">la th\u00e9rapie manuelle \u00e9nerg\u00e9tique<\/a><\/li>\n<\/ul>\n<p>J&rsquo;ai exerc\u00e9 dans plusieurs cabinets avant de revenir sur ma terre de c\u0153ur, celles ou je suis n\u00e9es, ARCACHON o\u00f9 j&rsquo;ai ouvert le cabinet \u00ab\u00a0A l&rsquo;\u00e9coute du corps\u00a0\u00bb 48 Boulevard Mestr\u00e9zat \u00e0 l\u2019Aiguillon ou je vous accueille sur rendez-vous mais aussi \u00e0 distance.<\/p>\n<p>Forte de mon exp\u00e9rience et de mes formations, je peux traiter de mani\u00e8re globale tous vos maux, Articulaires, Digestifs, Nerveux, Allergiques. traitement du zona, des br\u00fblures (Coupeur, souffleur de feu), des verrues.\u00a0 Accompagnement dans les radioth\u00e9rapies, chimioth\u00e9rapies. Addictions, arr\u00eat du tabac, boulimie.<\/p>\n<p>Mais aussi dans le d\u00e9sordre , liste non exhaustive :<\/p>\n<ul style=\"list-style-type: square;\">\n<li>Rhumatisme, arthrose, tendinite, douleur d&rsquo;articulation, inflammation, genoux, \u00e9paules, mains, pieds, dos, cervicales, crampes, impatiences &#8230;<\/li>\n<li>Maladies de peau, psoriasis, ecz\u00e9ma, lupus, furoncle, chalazion, acn\u00e9, d\u00e9mangeaison, \u00e9ruptions cutan\u00e9es, allergies&#8230;<\/li>\n<li>Respiratoire, sinusite, Rhinite, toux, bronchite, perte de l&rsquo;odorat et du go\u00fbt, angine, asthme&#8230;<\/li>\n<li>ORL, otite, acouph\u00e8nes, c\u00e9phal\u00e9es, migraine, circulation c\u00e9r\u00e9bral, d\u00e9g\u00e9n\u00e9rescence maculaire, glaucome, uv\u00e9ite&#8230;<\/li>\n<li>Digestif, ulc\u00e8re, gastrite, constipation, diarrh\u00e9e, colite, colopathie ,intestin perm\u00e9able, ulc\u00e8re, reflux, a\u00e9rophagie, cholest\u00e9rol, diab\u00e8te, ballonnements&#8230;<\/li>\n<li>Nerveux, stress, anxi\u00e9t\u00e9, d\u00e9prime, burn-out, d\u00e9pression, \u00e9motivit\u00e9, \u00e9motion, crise d&rsquo;adolescence, pipi au lit, insomnie, nerf, anorexie&#8230;<\/li>\n<li>Maladie auto immune, cicatrisation, an\u00e9mie, bouff\u00e9e de chaleur, fi\u00e8vre&#8230;<\/li>\n<li>Urinaire, cystite, mycoses, calcul, acide urique, \u00e9nur\u00e9sie&#8230;<\/li>\n<\/ul>\n<p>N&rsquo;h\u00e9sitez pas \u00e0 me contacter pour commencer \u00e0 avancer ensemble sur le chemin de la gu\u00e9rison.<\/p>\n<p>Au fait pour nos amis les animaux, n&rsquo;h\u00e9sitez pas je suis aussi l\u00e0 pour les soigner et les apaiser.<\/p>\n<p style=\"text-align: right;\"><a href=\"https:\/\/www.clicrdv.com\/basse-franks-christine?clicrdv_widget=1&amp;widget_width=600&amp;websource=httpwww.christine-magnetiseur-guerisseur.fr\" target=\"_blank\" rel=\"noopener noreferrer\">Prenons Rendez-Vous<\/a><\/p>\n<p><span style=\"color: #99ccff;\"><strong>Christine Basse Franks &#8211; Gu\u00e9risseuse Magn\u00e9tiseuse<\/strong><\/span><\/p>\n<p>\u00a0<\/p>\n<p>\u00a0<\/p>\n<p>\u00a0<\/p>\n<p>\u00a0<\/p>\n<p>\u00a0<\/p>\n","protected":false},"excerpt":{"rendered":"<p>Je m&rsquo;appelle Christine Basse Franks, Gu\u00e9risseuse Magn\u00e9tiseuse depuis de nombreuse ann\u00e9es. C&rsquo;est \u00e0 l&rsquo;adolescence que j&rsquo;ai d\u00e9couvert que je poss\u00e9dais le don de magn\u00e9tisme. J&rsquo;ai alors explor\u00e9 ce don afin de comprendre comment l&rsquo;utiliser pour faire du bien. Ce n&rsquo;est que plus tard que j&rsquo;ai appris que ce don m&rsquo;a \u00e9t\u00e9 transmis par mon arri\u00e8re<\/p>\n","protected":false},"author":1,"featured_media":0,"parent":0,"menu_order":0,"comment_status":"closed","ping_status":"closed","template":"page-fullwidth.php","meta":{"footnotes":""},"class_list":["post-675","page","type-page","status-publish","hentry"],"yoast_head":"<!-- This site is optimized with the Yoast SEO plugin v27.4 - https:\/\/yoast.com\/product\/yoast-seo-wordpress\/ -->\n<title>Ma bio - Christine Basse Franks Magn\u00e9tiseuse Gu\u00e9risseuse Arcachon<\/title>\n<meta name=\"description\" content=\"Christine Basse Franks Gu\u00e9risseuse Magn\u00e9tiseuse . C&#039;est \u00e0 l&#039;adolescence que j&#039;ai d\u00e9couvert que je poss\u00e9dai le don de magn\u00e9tisme.\" \/>\n<meta name=\"robots\" content=\"index, follow, max-snippet:-1, max-image-preview:large, max-video-preview:-1\" \/>\n<link rel=\"canonical\" href=\"https:\/\/christine-magnetiseur-guerisseur.com\/index.php\/ma-bio\/\" \/>\n<meta property=\"og:locale\" content=\"fr_FR\" \/>\n<meta property=\"og:type\" content=\"article\" \/>\n<meta property=\"og:title\" content=\"Ma bio - Christine Basse Franks Magn\u00e9tiseuse Gu\u00e9risseuse Arcachon\" \/>\n<meta property=\"og:description\" content=\"Christine Basse Franks Gu\u00e9risseuse Magn\u00e9tiseuse . C&#039;est \u00e0 l&#039;adolescence que j&#039;ai d\u00e9couvert que je poss\u00e9dai le don de magn\u00e9tisme.\" \/>\n<meta property=\"og:url\" content=\"https:\/\/christine-magnetiseur-guerisseur.com\/index.php\/ma-bio\/\" \/>\n<meta property=\"article:modified_time\" content=\"2020-09-04T18:46:48+00:00\" \/>\n<meta property=\"og:image\" content=\"http:\/\/christine-magnetiseur-guerisseur.com\/wp-content\/uploads\/2020\/08\/Mon-Arriere-Grand-Pere.jpg\" \/>\n<meta name=\"twitter:card\" content=\"summary_large_image\" \/>\n<meta name=\"twitter:label1\" content=\"Dur\u00e9e de lecture estim\u00e9e\" \/>\n\t<meta name=\"twitter:data1\" content=\"2 minutes\" \/>\n<script type=\"application\/ld+json\" class=\"yoast-schema-graph\">{\"@context\":\"https:\\\/\\\/schema.org\",\"@graph\":[{\"@type\":\"WebPage\",\"@id\":\"https:\\\/\\\/christine-magnetiseur-guerisseur.com\\\/index.php\\\/ma-bio\\\/\",\"url\":\"https:\\\/\\\/christine-magnetiseur-guerisseur.com\\\/index.php\\\/ma-bio\\\/\",\"name\":\"Ma bio - Christine Basse Franks Magn\u00e9tiseuse Gu\u00e9risseuse Arcachon\",\"isPartOf\":{\"@id\":\"https:\\\/\\\/christine-magnetiseur-guerisseur.com\\\/#website\"},\"primaryImageOfPage\":{\"@id\":\"https:\\\/\\\/christine-magnetiseur-guerisseur.com\\\/index.php\\\/ma-bio\\\/#primaryimage\"},\"image\":{\"@id\":\"https:\\\/\\\/christine-magnetiseur-guerisseur.com\\\/index.php\\\/ma-bio\\\/#primaryimage\"},\"thumbnailUrl\":\"http:\\\/\\\/christine-magnetiseur-guerisseur.com\\\/wp-content\\\/uploads\\\/2020\\\/08\\\/Mon-Arriere-Grand-Pere.jpg\",\"datePublished\":\"2020-07-24T08:00:48+00:00\",\"dateModified\":\"2020-09-04T18:46:48+00:00\",\"description\":\"Christine Basse Franks Gu\u00e9risseuse Magn\u00e9tiseuse . C'est \u00e0 l'adolescence que j'ai d\u00e9couvert que je poss\u00e9dai le don de magn\u00e9tisme.\",\"breadcrumb\":{\"@id\":\"https:\\\/\\\/christine-magnetiseur-guerisseur.com\\\/index.php\\\/ma-bio\\\/#breadcrumb\"},\"inLanguage\":\"fr-FR\",\"potentialAction\":[{\"@type\":\"ReadAction\",\"target\":[\"https:\\\/\\\/christine-magnetiseur-guerisseur.com\\\/index.php\\\/ma-bio\\\/\"]}]},{\"@type\":\"ImageObject\",\"inLanguage\":\"fr-FR\",\"@id\":\"https:\\\/\\\/christine-magnetiseur-guerisseur.com\\\/index.php\\\/ma-bio\\\/#primaryimage\",\"url\":\"https:\\\/\\\/christine-magnetiseur-guerisseur.com\\\/wp-content\\\/uploads\\\/2020\\\/08\\\/Mon-Arriere-Grand-Pere.jpg\",\"contentUrl\":\"https:\\\/\\\/christine-magnetiseur-guerisseur.com\\\/wp-content\\\/uploads\\\/2020\\\/08\\\/Mon-Arriere-Grand-Pere.jpg\",\"width\":776,\"height\":902},{\"@type\":\"BreadcrumbList\",\"@id\":\"https:\\\/\\\/christine-magnetiseur-guerisseur.com\\\/index.php\\\/ma-bio\\\/#breadcrumb\",\"itemListElement\":[{\"@type\":\"ListItem\",\"position\":1,\"name\":\"Accueil\",\"item\":\"https:\\\/\\\/christine-magnetiseur-guerisseur.com\\\/\"},{\"@type\":\"ListItem\",\"position\":2,\"name\":\"Ma bio\"}]},{\"@type\":\"WebSite\",\"@id\":\"https:\\\/\\\/christine-magnetiseur-guerisseur.com\\\/#website\",\"url\":\"https:\\\/\\\/christine-magnetiseur-guerisseur.com\\\/\",\"name\":\"\",\"description\":\"Christine Basse Franks \u00e0 l&#039;\u00e9coute du corps...\",\"publisher\":{\"@id\":\"https:\\\/\\\/christine-magnetiseur-guerisseur.com\\\/#\\\/schema\\\/person\\\/9f9527ef5b3209c6239aa0a4250ed75f\"},\"potentialAction\":[{\"@type\":\"SearchAction\",\"target\":{\"@type\":\"EntryPoint\",\"urlTemplate\":\"https:\\\/\\\/christine-magnetiseur-guerisseur.com\\\/?s={search_term_string}\"},\"query-input\":{\"@type\":\"PropertyValueSpecification\",\"valueRequired\":true,\"valueName\":\"search_term_string\"}}],\"inLanguage\":\"fr-FR\"},{\"@type\":[\"Person\",\"Organization\"],\"@id\":\"https:\\\/\\\/christine-magnetiseur-guerisseur.com\\\/#\\\/schema\\\/person\\\/9f9527ef5b3209c6239aa0a4250ed75f\",\"name\":\"Christine Basse\",\"image\":{\"@type\":\"ImageObject\",\"inLanguage\":\"fr-FR\",\"@id\":\"http:\\\/\\\/christine-magnetiseur-guerisseur.com\\\/wp-content\\\/uploads\\\/2020\\\/07\\\/BD\u00a9-Christine-Se\u0301lection-_BDT0636.jpg\",\"url\":\"http:\\\/\\\/christine-magnetiseur-guerisseur.com\\\/wp-content\\\/uploads\\\/2020\\\/07\\\/BD\u00a9-Christine-Se\u0301lection-_BDT0636.jpg\",\"contentUrl\":\"http:\\\/\\\/christine-magnetiseur-guerisseur.com\\\/wp-content\\\/uploads\\\/2020\\\/07\\\/BD\u00a9-Christine-Se\u0301lection-_BDT0636.jpg\",\"width\":1047,\"height\":1571,\"caption\":\"Christine Basse\"},\"logo\":{\"@id\":\"http:\\\/\\\/christine-magnetiseur-guerisseur.com\\\/wp-content\\\/uploads\\\/2020\\\/07\\\/BD\u00a9-Christine-Se\u0301lection-_BDT0636.jpg\"}}]}<\/script>\n<!-- \/ Yoast SEO plugin. -->","yoast_head_json":{"title":"Ma bio - Christine Basse Franks Magn\u00e9tiseuse Gu\u00e9risseuse Arcachon","description":"Christine Basse Franks Gu\u00e9risseuse Magn\u00e9tiseuse . C'est \u00e0 l'adolescence que j'ai d\u00e9couvert que je poss\u00e9dai le don de magn\u00e9tisme.","robots":{"index":"index","follow":"follow","max-snippet":"max-snippet:-1","max-image-preview":"max-image-preview:large","max-video-preview":"max-video-preview:-1"},"canonical":"https:\/\/christine-magnetiseur-guerisseur.com\/index.php\/ma-bio\/","og_locale":"fr_FR","og_type":"article","og_title":"Ma bio - Christine Basse Franks Magn\u00e9tiseuse Gu\u00e9risseuse Arcachon","og_description":"Christine Basse Franks Gu\u00e9risseuse Magn\u00e9tiseuse . C'est \u00e0 l'adolescence que j'ai d\u00e9couvert que je poss\u00e9dai le don de magn\u00e9tisme.","og_url":"https:\/\/christine-magnetiseur-guerisseur.com\/index.php\/ma-bio\/","article_modified_time":"2020-09-04T18:46:48+00:00","og_image":[{"url":"http:\/\/christine-magnetiseur-guerisseur.com\/wp-content\/uploads\/2020\/08\/Mon-Arriere-Grand-Pere.jpg","type":"","width":"","height":""}],"twitter_card":"summary_large_image","twitter_misc":{"Dur\u00e9e de lecture estim\u00e9e":"2 minutes"},"schema":{"@context":"https:\/\/schema.org","@graph":[{"@type":"WebPage","@id":"https:\/\/christine-magnetiseur-guerisseur.com\/index.php\/ma-bio\/","url":"https:\/\/christine-magnetiseur-guerisseur.com\/index.php\/ma-bio\/","name":"Ma bio - Christine Basse Franks Magn\u00e9tiseuse Gu\u00e9risseuse Arcachon","isPartOf":{"@id":"https:\/\/christine-magnetiseur-guerisseur.com\/#website"},"primaryImageOfPage":{"@id":"https:\/\/christine-magnetiseur-guerisseur.com\/index.php\/ma-bio\/#primaryimage"},"image":{"@id":"https:\/\/christine-magnetiseur-guerisseur.com\/index.php\/ma-bio\/#primaryimage"},"thumbnailUrl":"http:\/\/christine-magnetiseur-guerisseur.com\/wp-content\/uploads\/2020\/08\/Mon-Arriere-Grand-Pere.jpg","datePublished":"2020-07-24T08:00:48+00:00","dateModified":"2020-09-04T18:46:48+00:00","description":"Christine Basse Franks Gu\u00e9risseuse Magn\u00e9tiseuse . C'est \u00e0 l'adolescence que j'ai d\u00e9couvert que je poss\u00e9dai le don de magn\u00e9tisme.","breadcrumb":{"@id":"https:\/\/christine-magnetiseur-guerisseur.com\/index.php\/ma-bio\/#breadcrumb"},"inLanguage":"fr-FR","potentialAction":[{"@type":"ReadAction","target":["https:\/\/christine-magnetiseur-guerisseur.com\/index.php\/ma-bio\/"]}]},{"@type":"ImageObject","inLanguage":"fr-FR","@id":"https:\/\/christine-magnetiseur-guerisseur.com\/index.php\/ma-bio\/#primaryimage","url":"https:\/\/christine-magnetiseur-guerisseur.com\/wp-content\/uploads\/2020\/08\/Mon-Arriere-Grand-Pere.jpg","contentUrl":"https:\/\/christine-magnetiseur-guerisseur.com\/wp-content\/uploads\/2020\/08\/Mon-Arriere-Grand-Pere.jpg","width":776,"height":902},{"@type":"BreadcrumbList","@id":"https:\/\/christine-magnetiseur-guerisseur.com\/index.php\/ma-bio\/#breadcrumb","itemListElement":[{"@type":"ListItem","position":1,"name":"Accueil","item":"https:\/\/christine-magnetiseur-guerisseur.com\/"},{"@type":"ListItem","position":2,"name":"Ma bio"}]},{"@type":"WebSite","@id":"https:\/\/christine-magnetiseur-guerisseur.com\/#website","url":"https:\/\/christine-magnetiseur-guerisseur.com\/","name":"","description":"Christine Basse Franks \u00e0 l&#039;\u00e9coute du corps...","publisher":{"@id":"https:\/\/christine-magnetiseur-guerisseur.com\/#\/schema\/person\/9f9527ef5b3209c6239aa0a4250ed75f"},"potentialAction":[{"@type":"SearchAction","target":{"@type":"EntryPoint","urlTemplate":"https:\/\/christine-magnetiseur-guerisseur.com\/?s={search_term_string}"},"query-input":{"@type":"PropertyValueSpecification","valueRequired":true,"valueName":"search_term_string"}}],"inLanguage":"fr-FR"},{"@type":["Person","Organization"],"@id":"https:\/\/christine-magnetiseur-guerisseur.com\/#\/schema\/person\/9f9527ef5b3209c6239aa0a4250ed75f","name":"Christine Basse","image":{"@type":"ImageObject","inLanguage":"fr-FR","@id":"http:\/\/christine-magnetiseur-guerisseur.com\/wp-content\/uploads\/2020\/07\/BD\u00a9-Christine-Se\u0301lection-_BDT0636.jpg","url":"http:\/\/christine-magnetiseur-guerisseur.com\/wp-content\/uploads\/2020\/07\/BD\u00a9-Christine-Se\u0301lection-_BDT0636.jpg","contentUrl":"http:\/\/christine-magnetiseur-guerisseur.com\/wp-content\/uploads\/2020\/07\/BD\u00a9-Christine-Se\u0301lection-_BDT0636.jpg","width":1047,"height":1571,"caption":"Christine Basse"},"logo":{"@id":"http:\/\/christine-magnetiseur-guerisseur.com\/wp-content\/uploads\/2020\/07\/BD\u00a9-Christine-Se\u0301lection-_BDT0636.jpg"}}]}},"_links":{"self":[{"href":"https:\/\/christine-magnetiseur-guerisseur.com\/index.php\/wp-json\/wp\/v2\/pages\/675","targetHints":{"allow":["GET"]}}],"collection":[{"href":"https:\/\/christine-magnetiseur-guerisseur.com\/index.php\/wp-json\/wp\/v2\/pages"}],"about":[{"href":"https:\/\/christine-magnetiseur-guerisseur.com\/index.php\/wp-json\/wp\/v2\/types\/page"}],"author":[{"embeddable":true,"href":"https:\/\/christine-magnetiseur-guerisseur.com\/index.php\/wp-json\/wp\/v2\/users\/1"}],"replies":[{"embeddable":true,"href":"https:\/\/christine-magnetiseur-guerisseur.com\/index.php\/wp-json\/wp\/v2\/comments?post=675"}],"version-history":[{"count":26,"href":"https:\/\/christine-magnetiseur-guerisseur.com\/index.php\/wp-json\/wp\/v2\/pages\/675\/revisions"}],"predecessor-version":[{"id":727,"href":"https:\/\/christine-magnetiseur-guerisseur.com\/index.php\/wp-json\/wp\/v2\/pages\/675\/revisions\/727"}],"wp:attachment":[{"href":"https:\/\/christine-magnetiseur-guerisseur.com\/index.php\/wp-json\/wp\/v2\/media?parent=675"}],"curies":[{"name":"wp","href":"https:\/\/api.w.org\/{rel}","templated":true}]}}