{"id":539,"date":"2019-01-20T11:31:15","date_gmt":"2019-01-20T10:31:15","guid":{"rendered":"http:\/\/christine-magnetiseur-guerisseur.com\/?page_id=539"},"modified":"2020-02-04T20:18:55","modified_gmt":"2020-02-04T19:18:55","slug":"plan-du-site","status":"publish","type":"page","link":"https:\/\/christine-magnetiseur-guerisseur.com\/index.php\/plan-du-site\/","title":{"rendered":"Plan du site"},"content":{"rendered":"<p><a href=\"https:\/\/christine-magnetiseur-guerisseur.com\/\">ACCUEIL<\/a><br \/>\n<a href=\"https:\/\/christine-magnetiseur-guerisseur.com\/index.php\/guerissuese-magnetiseuse\/\">GU\u00c9RISSEUR \/ MAGN\u00c9TISEUR<\/a><br \/>\n<a href=\"https:\/\/christine-magnetiseur-guerisseur.com\/index.php\/auriculotherapie\/\">AURICULOTH\u00c9RAPIE<\/a><br \/>\n<a href=\"https:\/\/christine-magnetiseur-guerisseur.com\/index.php\/reflexotherapie-christine-basse\/\">R\u00c9FLEXOTH\u00c9RAPIE<\/a><br \/>\n<a href=\"https:\/\/christine-magnetiseur-guerisseur.com\/index.php\/therapie-manuelle-fluidique\/\">THERAPIE MANUELLE ENERGETIQUE<\/a><br \/>\n<a href=\"https:\/\/christine-magnetiseur-guerisseur.com\/index.php\/honoraires\/\">HONORAIRES<\/a><br \/>\n<a href=\"https:\/\/christine-magnetiseur-guerisseur.com\/index.php\/envoyez-moi-un-message\/\">NOUS CONTACTER<\/a><br \/>\n<a href=\"https:\/\/christine-magnetiseur-guerisseur.com\/index.php\/mentions-legales\/\">MENTIONS L\u00c9GALES<\/a><br \/>\n<a href=\"https:\/\/christine-magnetiseur-guerisseur.com\/index.php\/plan-du-site\/\">PLAN DU SITE<\/a><br \/>\n<a href=\"https:\/\/christine-magnetiseur-guerisseur.com\/index.php\/auriculotherapie-le-teich\/\">AURICULOTHERAPIE-LA-TEICH<\/a><br \/>\nECOUTE-DU-CORPS-LA-TEICH<br \/>\nFORMATION-REFLEXOLOGIE-ARCACHON<br \/>\nGUERISSEUR-LA-TESTE-DE-BUCH<br \/>\nHUILE-ESSENTIELLE-LA-TESTE-DE-BUCH<br \/>\nMAGNETISEUR-GUJAN-MESTRAS<br \/>\nMEDECINE-DOUCE-GUJAN-MESTRAS<br \/>\nREFLEXOLOGIE-MAIN-GUJAN-MESTRAS<br \/>\nREFLEXOTHERAPEUTE-ARCACHON<br \/>\nREFLEXOTHERAPIE-PLANTAIRE-LA-TESTE-DE-BUCH<\/p>\n","protected":false},"excerpt":{"rendered":"<p>ACCUEIL GU\u00c9RISSEUR \/ MAGN\u00c9TISEUR AURICULOTH\u00c9RAPIE R\u00c9FLEXOTH\u00c9RAPIE THERAPIE MANUELLE ENERGETIQUE HONORAIRES NOUS CONTACTER MENTIONS L\u00c9GALES PLAN DU SITE AURICULOTHERAPIE-LA-TEICH ECOUTE-DU-CORPS-LA-TEICH FORMATION-REFLEXOLOGIE-ARCACHON GUERISSEUR-LA-TESTE-DE-BUCH HUILE-ESSENTIELLE-LA-TESTE-DE-BUCH MAGNETISEUR-GUJAN-MESTRAS MEDECINE-DOUCE-GUJAN-MESTRAS REFLEXOLOGIE-MAIN-GUJAN-MESTRAS REFLEXOTHERAPEUTE-ARCACHON REFLEXOTHERAPIE-PLANTAIRE-LA-TESTE-DE-BUCH<\/p>\n","protected":false},"author":1,"featured_media":0,"parent":0,"menu_order":0,"comment_status":"closed","ping_status":"closed","template":"","meta":{"footnotes":""},"class_list":["post-539","page","type-page","status-publish","hentry"],"yoast_head":"<!-- This site is optimized with the Yoast SEO plugin v27.4 - https:\/\/yoast.com\/product\/yoast-seo-wordpress\/ -->\n<title>Plan du site -<\/title>\n<meta name=\"description\" content=\"Christine Basse Franks, Gu\u00e9rriseur-magn\u00e9tiseur sur le Bassin d&#039;arcachon. D\u00e9couvrez comment je peux vous aider \u00e0 solutionner vos difficult\u00e9s avec l&#039;ensemble de mes techniques.\" \/>\n<meta name=\"robots\" content=\"index, follow, max-snippet:-1, max-image-preview:large, max-video-preview:-1\" \/>\n<link rel=\"canonical\" href=\"https:\/\/christine-magnetiseur-guerisseur.com\/index.php\/plan-du-site\/\" \/>\n<meta property=\"og:locale\" content=\"fr_FR\" \/>\n<meta property=\"og:type\" content=\"article\" \/>\n<meta property=\"og:title\" content=\"Plan du site -\" \/>\n<meta property=\"og:description\" content=\"Christine Basse Franks, Gu\u00e9rriseur-magn\u00e9tiseur sur le Bassin d&#039;arcachon. D\u00e9couvrez comment je peux vous aider \u00e0 solutionner vos difficult\u00e9s avec l&#039;ensemble de mes techniques.\" \/>\n<meta property=\"og:url\" content=\"https:\/\/christine-magnetiseur-guerisseur.com\/index.php\/plan-du-site\/\" \/>\n<meta property=\"article:modified_time\" content=\"2020-02-04T19:18:55+00:00\" \/>\n<meta name=\"twitter:card\" content=\"summary_large_image\" \/>\n<script type=\"application\/ld+json\" class=\"yoast-schema-graph\">{\"@context\":\"https:\\\/\\\/schema.org\",\"@graph\":[{\"@type\":\"WebPage\",\"@id\":\"https:\\\/\\\/christine-magnetiseur-guerisseur.com\\\/index.php\\\/plan-du-site\\\/\",\"url\":\"https:\\\/\\\/christine-magnetiseur-guerisseur.com\\\/index.php\\\/plan-du-site\\\/\",\"name\":\"Plan du site -\",\"isPartOf\":{\"@id\":\"https:\\\/\\\/christine-magnetiseur-guerisseur.com\\\/#website\"},\"datePublished\":\"2019-01-20T10:31:15+00:00\",\"dateModified\":\"2020-02-04T19:18:55+00:00\",\"description\":\"Christine Basse Franks, Gu\u00e9rriseur-magn\u00e9tiseur sur le Bassin d'arcachon. D\u00e9couvrez comment je peux vous aider \u00e0 solutionner vos difficult\u00e9s avec l'ensemble de mes techniques.\",\"breadcrumb\":{\"@id\":\"https:\\\/\\\/christine-magnetiseur-guerisseur.com\\\/index.php\\\/plan-du-site\\\/#breadcrumb\"},\"inLanguage\":\"fr-FR\",\"potentialAction\":[{\"@type\":\"ReadAction\",\"target\":[\"https:\\\/\\\/christine-magnetiseur-guerisseur.com\\\/index.php\\\/plan-du-site\\\/\"]}]},{\"@type\":\"BreadcrumbList\",\"@id\":\"https:\\\/\\\/christine-magnetiseur-guerisseur.com\\\/index.php\\\/plan-du-site\\\/#breadcrumb\",\"itemListElement\":[{\"@type\":\"ListItem\",\"position\":1,\"name\":\"Accueil\",\"item\":\"https:\\\/\\\/christine-magnetiseur-guerisseur.com\\\/\"},{\"@type\":\"ListItem\",\"position\":2,\"name\":\"Plan du site\"}]},{\"@type\":\"WebSite\",\"@id\":\"https:\\\/\\\/christine-magnetiseur-guerisseur.com\\\/#website\",\"url\":\"https:\\\/\\\/christine-magnetiseur-guerisseur.com\\\/\",\"name\":\"\",\"description\":\"Christine Basse Franks \u00e0 l&#039;\u00e9coute du corps...\",\"publisher\":{\"@id\":\"https:\\\/\\\/christine-magnetiseur-guerisseur.com\\\/#\\\/schema\\\/person\\\/9f9527ef5b3209c6239aa0a4250ed75f\"},\"potentialAction\":[{\"@type\":\"SearchAction\",\"target\":{\"@type\":\"EntryPoint\",\"urlTemplate\":\"https:\\\/\\\/christine-magnetiseur-guerisseur.com\\\/?s={search_term_string}\"},\"query-input\":{\"@type\":\"PropertyValueSpecification\",\"valueRequired\":true,\"valueName\":\"search_term_string\"}}],\"inLanguage\":\"fr-FR\"},{\"@type\":[\"Person\",\"Organization\"],\"@id\":\"https:\\\/\\\/christine-magnetiseur-guerisseur.com\\\/#\\\/schema\\\/person\\\/9f9527ef5b3209c6239aa0a4250ed75f\",\"name\":\"Christine Basse\",\"image\":{\"@type\":\"ImageObject\",\"inLanguage\":\"fr-FR\",\"@id\":\"http:\\\/\\\/christine-magnetiseur-guerisseur.com\\\/wp-content\\\/uploads\\\/2020\\\/07\\\/BD\u00a9-Christine-Se\u0301lection-_BDT0636.jpg\",\"url\":\"http:\\\/\\\/christine-magnetiseur-guerisseur.com\\\/wp-content\\\/uploads\\\/2020\\\/07\\\/BD\u00a9-Christine-Se\u0301lection-_BDT0636.jpg\",\"contentUrl\":\"http:\\\/\\\/christine-magnetiseur-guerisseur.com\\\/wp-content\\\/uploads\\\/2020\\\/07\\\/BD\u00a9-Christine-Se\u0301lection-_BDT0636.jpg\",\"width\":1047,\"height\":1571,\"caption\":\"Christine Basse\"},\"logo\":{\"@id\":\"http:\\\/\\\/christine-magnetiseur-guerisseur.com\\\/wp-content\\\/uploads\\\/2020\\\/07\\\/BD\u00a9-Christine-Se\u0301lection-_BDT0636.jpg\"}}]}<\/script>\n<!-- \/ Yoast SEO plugin. -->","yoast_head_json":{"title":"Plan du site -","description":"Christine Basse Franks, Gu\u00e9rriseur-magn\u00e9tiseur sur le Bassin d'arcachon. D\u00e9couvrez comment je peux vous aider \u00e0 solutionner vos difficult\u00e9s avec l'ensemble de mes techniques.","robots":{"index":"index","follow":"follow","max-snippet":"max-snippet:-1","max-image-preview":"max-image-preview:large","max-video-preview":"max-video-preview:-1"},"canonical":"https:\/\/christine-magnetiseur-guerisseur.com\/index.php\/plan-du-site\/","og_locale":"fr_FR","og_type":"article","og_title":"Plan du site -","og_description":"Christine Basse Franks, Gu\u00e9rriseur-magn\u00e9tiseur sur le Bassin d'arcachon. D\u00e9couvrez comment je peux vous aider \u00e0 solutionner vos difficult\u00e9s avec l'ensemble de mes techniques.","og_url":"https:\/\/christine-magnetiseur-guerisseur.com\/index.php\/plan-du-site\/","article_modified_time":"2020-02-04T19:18:55+00:00","twitter_card":"summary_large_image","schema":{"@context":"https:\/\/schema.org","@graph":[{"@type":"WebPage","@id":"https:\/\/christine-magnetiseur-guerisseur.com\/index.php\/plan-du-site\/","url":"https:\/\/christine-magnetiseur-guerisseur.com\/index.php\/plan-du-site\/","name":"Plan du site -","isPartOf":{"@id":"https:\/\/christine-magnetiseur-guerisseur.com\/#website"},"datePublished":"2019-01-20T10:31:15+00:00","dateModified":"2020-02-04T19:18:55+00:00","description":"Christine Basse Franks, Gu\u00e9rriseur-magn\u00e9tiseur sur le Bassin d'arcachon. D\u00e9couvrez comment je peux vous aider \u00e0 solutionner vos difficult\u00e9s avec l'ensemble de mes techniques.","breadcrumb":{"@id":"https:\/\/christine-magnetiseur-guerisseur.com\/index.php\/plan-du-site\/#breadcrumb"},"inLanguage":"fr-FR","potentialAction":[{"@type":"ReadAction","target":["https:\/\/christine-magnetiseur-guerisseur.com\/index.php\/plan-du-site\/"]}]},{"@type":"BreadcrumbList","@id":"https:\/\/christine-magnetiseur-guerisseur.com\/index.php\/plan-du-site\/#breadcrumb","itemListElement":[{"@type":"ListItem","position":1,"name":"Accueil","item":"https:\/\/christine-magnetiseur-guerisseur.com\/"},{"@type":"ListItem","position":2,"name":"Plan du site"}]},{"@type":"WebSite","@id":"https:\/\/christine-magnetiseur-guerisseur.com\/#website","url":"https:\/\/christine-magnetiseur-guerisseur.com\/","name":"","description":"Christine Basse Franks \u00e0 l&#039;\u00e9coute du corps...","publisher":{"@id":"https:\/\/christine-magnetiseur-guerisseur.com\/#\/schema\/person\/9f9527ef5b3209c6239aa0a4250ed75f"},"potentialAction":[{"@type":"SearchAction","target":{"@type":"EntryPoint","urlTemplate":"https:\/\/christine-magnetiseur-guerisseur.com\/?s={search_term_string}"},"query-input":{"@type":"PropertyValueSpecification","valueRequired":true,"valueName":"search_term_string"}}],"inLanguage":"fr-FR"},{"@type":["Person","Organization"],"@id":"https:\/\/christine-magnetiseur-guerisseur.com\/#\/schema\/person\/9f9527ef5b3209c6239aa0a4250ed75f","name":"Christine Basse","image":{"@type":"ImageObject","inLanguage":"fr-FR","@id":"http:\/\/christine-magnetiseur-guerisseur.com\/wp-content\/uploads\/2020\/07\/BD\u00a9-Christine-Se\u0301lection-_BDT0636.jpg","url":"http:\/\/christine-magnetiseur-guerisseur.com\/wp-content\/uploads\/2020\/07\/BD\u00a9-Christine-Se\u0301lection-_BDT0636.jpg","contentUrl":"http:\/\/christine-magnetiseur-guerisseur.com\/wp-content\/uploads\/2020\/07\/BD\u00a9-Christine-Se\u0301lection-_BDT0636.jpg","width":1047,"height":1571,"caption":"Christine Basse"},"logo":{"@id":"http:\/\/christine-magnetiseur-guerisseur.com\/wp-content\/uploads\/2020\/07\/BD\u00a9-Christine-Se\u0301lection-_BDT0636.jpg"}}]}},"_links":{"self":[{"href":"https:\/\/christine-magnetiseur-guerisseur.com\/index.php\/wp-json\/wp\/v2\/pages\/539","targetHints":{"allow":["GET"]}}],"collection":[{"href":"https:\/\/christine-magnetiseur-guerisseur.com\/index.php\/wp-json\/wp\/v2\/pages"}],"about":[{"href":"https:\/\/christine-magnetiseur-guerisseur.com\/index.php\/wp-json\/wp\/v2\/types\/page"}],"author":[{"embeddable":true,"href":"https:\/\/christine-magnetiseur-guerisseur.com\/index.php\/wp-json\/wp\/v2\/users\/1"}],"replies":[{"embeddable":true,"href":"https:\/\/christine-magnetiseur-guerisseur.com\/index.php\/wp-json\/wp\/v2\/comments?post=539"}],"version-history":[{"count":5,"href":"https:\/\/christine-magnetiseur-guerisseur.com\/index.php\/wp-json\/wp\/v2\/pages\/539\/revisions"}],"predecessor-version":[{"id":622,"href":"https:\/\/christine-magnetiseur-guerisseur.com\/index.php\/wp-json\/wp\/v2\/pages\/539\/revisions\/622"}],"wp:attachment":[{"href":"https:\/\/christine-magnetiseur-guerisseur.com\/index.php\/wp-json\/wp\/v2\/media?parent=539"}],"curies":[{"name":"wp","href":"https:\/\/api.w.org\/{rel}","templated":true}]}}