{"id":359,"date":"2018-03-07T22:46:34","date_gmt":"2018-03-07T21:46:34","guid":{"rendered":"http:\/\/christine-magnetiseur-guerisseur.com\/?page_id=359"},"modified":"2023-04-12T21:12:27","modified_gmt":"2023-04-12T19:12:27","slug":"envoyez-moi-un-message","status":"publish","type":"page","link":"https:\/\/christine-magnetiseur-guerisseur.com\/index.php\/envoyez-moi-un-message\/","title":{"rendered":"Envoyez moi un message !"},"content":{"rendered":"<table style=\"border-collapse: collapse; width: 100%;\">\n<tbody>\n<tr>\n<td style=\"width: 50%;\"><script type=\"text\/javascript\">window.wgm_config_1 = {\"hide_markers\":false,\"show_center_icon\":false,\"show_distance\":false,\"sort_by_distance\":false,\"distance_unit\":\"miles\",\"placement\":\"inside_map\",\"enable_show_on_map_icon\":false,\"enable_get_direction_icon\":false,\"enable_direction_link\":false,\"enable_modern_direction\":false,\"enable_category_filter\":false,\"category_selection_logic\":\"OR\"};<\/script>    \r\n        <div class=\"wgm-map-listing-container wgm-placement-below_map wgm-map-id-297\" \r\n         style=\"--wgm-map-height: 260px; --wgm-drawer-width: 300px; \">\r\n        \r\n        <div class=\"wgm-map-area\" style=\"width:100%; margin: 0 auto; max-width: 100%;\">\r\n            <!-- Advanced Search Control -->\r\n            <!-- Directions Drawer -->\r\n<div id=\"wgm_direction_drawer_1\" class=\"wgm-direction-drawer\">\r\n        \r\n    <div class=\"wgm-drawer-content\">\r\n    <button type=\"button\" class=\"wgm-drawer-close\" aria-label=\"Close directions\">\r\n        <svg viewBox=\"0 0 24 24\" width=\"24\" height=\"24\"><path fill=\"currentColor\" d=\"M19 6.41L17.59 5 12 10.59 6.41 5 5 6.41 10.59 12 5 17.59 6.41 19 12 13.41 17.59 19 19 17.59 13.41 12 19 6.41z\"><\/path><\/svg>\r\n    <\/button>\r\n    <div class=\"wgm-drawer-header\">\r\n        <h3 class=\"wgm-drawer-title\">Get Directions<\/h3>\r\n    <\/div>\r\n    \r\n    <div class=\"wgm-travel-mode-switcher\">\r\n        <button type=\"button\" class=\"wgm-travel-btn active\" data-mode=\"DRIVING\" title=\"Driving\">\r\n            <svg viewBox=\"0 0 24 24\"><path fill=\"currentColor\" d=\"M18.92 6.01C18.72 5.42 18.16 5 17.5 5h-11c-.66 0-1.21.42-1.42 1.01L3 12v8c0 .55.45 1 1 1h1c.55 0 1-.45 1-1v-1h12v1c0 .55.45 1 1 1h1c.55 0 1-.45 1-1v-8l-2.08-5.99zM6.5 16c-.83 0-1.5-.67-1.5-1.5S5.67 13 6.5 13s1.5.67 1.5 1.5S7.33 16 6.5 16zm11 0c-.83 0-1.5-.67-1.5-1.5s.67-1.5 1.5-1.5 1.5.67 1.5 1.5-.67 1.5-1.5 1.5zM5 11l1.5-4.5h11L19 11H5z\"><\/path><\/svg>\r\n        <\/button>\r\n        <button type=\"button\" class=\"wgm-travel-btn\" data-mode=\"WALKING\" title=\"Walking\">\r\n            <svg viewBox=\"0 0 24 24\"><path fill=\"currentColor\" d=\"M13.5 5.5c1.1 0 2-.9 2-2s-.9-2-2-2-2 .9-2 2 .9 2 2 2zM9.8 8.9L7 23h2.1l1.8-8 2.1 2v6h2v-7.5l-2.1-2 .6-3C14.8 12 16.8 13 19 13v-2c-1.9 0-3.5-1-4.3-2.4l-1-1.6c-.4-.6-1-1-1.7-1-.3 0-.5.1-.8.1L6 8.3V13h2V9.6l1.8-.7\"><\/path><\/svg>\r\n        <\/button>\r\n        <button type=\"button\" class=\"wgm-travel-btn\" data-mode=\"BICYCLING\" title=\"Cycling\">\r\n            <svg viewBox=\"0 0 24 24\"><path fill=\"currentColor\" d=\"M15.5 5.5c1.1 0 2-.9 2-2s-.9-2-2-2-2 .9-2 2 .9 2 2 2zM5 12c-2.8 0-5 2.2-5 5s2.2 5 5 5 5-2.2 5-5-2.2-5-5-5zm0 8.5c-1.9 0-3.5-1.6-3.5-3.5s1.6-3.5 3.5-3.5 3.5 1.6 3.5 3.5-1.6 3.5-3.5 3.5zm19-3.5c0-2.8-2.2-5-5-5s-5 2.2-5 5 2.2 5 5 5 5-2.2 5-5zm-5 3.5c-1.9 0-3.5-1.6-3.5-3.5s1.6-3.5 3.5-3.5 3.5 1.6 3.5 3.5-1.6 3.5-3.5 3.5zm-6.1-5.4l2.7-2.7-1.2-1.2-.2-.2C13.5 8.3 12.3 8 11 8V6h-2v2H7L3.5 11l1.4 1.4L7 10.3V15h2v-4.7l2.1 2.1c.3.3.7.6 1.1.6h2.8l-1.6-1.6h-2.1z\"><\/path><\/svg>\r\n        <\/button>\r\n        <button type=\"button\" class=\"wgm-travel-btn\" data-mode=\"TRANSIT\" title=\"Transit\">\r\n            <svg viewBox=\"0 0 24 24\"><path fill=\"currentColor\" d=\"M12 2c-4.42 0-8 .5-8 4v10c0 .74.19 1.42.5 2.02V20c0 .55.45 1 1 1h1c.55 0 1-.45 1-1v-1h8v1c0 .55.45 1 1 1h1c.55 0 1-.45 1-1v-1.98c.31-.6.5-1.28.5-2.02V6c0-3.5-3.58-4-8-4zM7.5 17c-.83 0-1.5-.67-1.5-1.5S6.67 14 7.5 14s1.5.67 1.5 1.5S8.33 17 7.5 17zm3.5-6H6V6h5v5zm5.5 6c-.83 0-1.5-.67-1.5-1.5s.67-1.5 1.5-1.5 1.5.67 1.5 1.5-.67 1.5-1.5 1.5zm2.5-6h-5V6h5v5z\"><\/path><\/svg>\r\n        <\/button>\r\n    <\/div>\r\n\r\n    <div class=\"wgm-dir-input-group\">\r\n        <div class=\"wgm-dir-field-wrap\">\r\n            <input type=\"text\" id=\"wgm_dir_from_1\" class=\"wgm-dir-input\" placeholder=\"Choose start point...\">\r\n            <button type=\"button\" class=\"wgm-current-loc-btn\" title=\"Use my location\">\r\n                <svg viewBox=\"0 0 24 24\" width=\"20\" height=\"20\"><path fill=\"currentColor\" d=\"M12 8c-2.21 0-4 1.79-4 4s1.79 4 4 4 4-1.79 4-4-1.79-4-4-4zm8.94 3c-.46-4.17-3.77-7.48-7.94-7.94V1h-2v2.06C6.83 3.52 3.52 6.83 3.06 11H1v2h2.06c.46 4.17 3.77 7.48 7.94 7.94V23h2v-2.06c4.17-.46 7.48-3.77 7.94-7.94H23v-2h-2.06zM12 19c-3.87 0-7-3.13-7-7s3.13-7 7-7 7 3.13 7 7-3.13 7-7 7z\"><\/path><\/svg>\r\n            <\/button>\r\n        <\/div>\r\n    <\/div>\r\n    \r\n    <div id=\"wgm_waypoints_container_1\" class=\"wgm-waypoints-container\"><\/div>\r\n\r\n    <div class=\"wgm-dir-input-group\">\r\n        <div class=\"wgm-dir-field-wrap\">\r\n            <input type=\"text\" id=\"wgm_dir_to_1\" class=\"wgm-dir-input\" placeholder=\"Choose destination...\">\r\n            <button type=\"button\" class=\"wgm-current-loc-btn\" title=\"Use my location\">\r\n                <svg viewBox=\"0 0 24 24\" width=\"20\" height=\"20\"><path fill=\"currentColor\" d=\"M12 8c-2.21 0-4 1.79-4 4s1.79 4 4 4 4-1.79 4-4-1.79-4-4-4zm8.94 3c-.46-4.17-3.77-7.48-7.94-7.94V1h-2v2.06C6.83 3.52 3.52 6.83 3.06 11H1v2h2.06c.46 4.17 3.77 7.48 7.94 7.94V23h2v-2.06c4.17-.46 7.48-3.77 7.94-7.94H23v-2h-2.06zM12 19c-3.87 0-7-3.13-7-7s3.13-7 7-7 7 3.13 7 7-3.13 7-7 7z\"><\/path><\/svg>\r\n            <\/button>\r\n        <\/div>\r\n    <\/div>\r\n\r\n    <div class=\"wgm-add-waypoint-trigger\" id=\"wgm_add_waypoint_1\">\r\n            <svg viewBox=\"0 0 24 24\" width=\"16\" height=\"16\"><path fill=\"currentColor\" d=\"M19 13h-6v6h-2v-6H5v-2h6V5h2v6h6v2z\"><\/path><\/svg>\r\n            <span>Add Waypoint<\/span>\r\n    <\/div>\r\n\r\n    <div class=\"wgm_dir_options_wrap\">\r\n        <div class=\"wgm-action-bar\">\r\n            <div class=\"wgm-dir-adv-toggle\">\r\n                <svg viewBox=\"0 0 24 24\" width=\"16\" height=\"16\"><path fill=\"currentColor\" d=\"M3 17v2h6v-2H3zM3 5v2h10V5H3zm10 16v-2h8v-2h-8v-2h-2v6h2zM7 9v2H3v2h4v2h2V9H7zm14 4v-2H11v2h10zm-6-4h2V7h4V5h-4V3h-2v6z\"><\/path><\/svg>\r\n                <span>Route Options<\/span>\r\n            <\/div>\r\n            <button type=\"button\" class=\"wgm-dir-go-btn\">\r\n                <span>Go<\/span>\r\n                <svg viewBox=\"0 0 24 24\" width=\"20\" height=\"20\"><path fill=\"currentColor\" d=\"M12 4l-1.41 1.41L16.17 11H4v2h12.17l-5.58 5.59L12 20l8-8z\"><\/path><\/svg>\r\n            <\/button>\r\n        <\/div>\r\n        \r\n        <div class=\"wgm-dir-adv-options\">\r\n            <label class=\"wgm-adv-opt-item\">\r\n                <input type=\"checkbox\" class=\"wgm-avoid-tolls\"> Avoid Tolls            <\/label>\r\n            <label class=\"wgm-adv-opt-item\">\r\n                <input type=\"checkbox\" class=\"wgm-avoid-highways\"> Avoid Highways            <\/label>\r\n            <label class=\"wgm-adv-opt-item\">\r\n                <input type=\"checkbox\" class=\"wgm-avoid-ferries\"> Avoid Ferries            <\/label>\r\n        <\/div>\r\n    <\/div>\r\n\r\n    <div id=\"wgm_dir_results_1\" class=\"wgm-dir-results-panel\"><\/div>\r\n    <\/div> <!-- End .wgm-drawer-content -->\r\n<\/div>\r\n            \r\n            <div id=\"srm_gmp_embed_1\" class=\"wgm-map-canvas\"\r\n                style=\"width: 100%; height:260px !important;\">\r\n            <\/div>\r\n\r\n                    <\/div>\r\n\r\n        <div id=\"wgm_listing_area_1\" class=\"wgm-listing-area\">\r\n                    <\/div>\r\n    <\/div>\r\n\r\n    <div id=\"wgm-lightbox-overlay_1\" class=\"wgm-lightbox-overlay\">\r\n        <span class=\"wgm-lightbox-close\">&times;<\/span>\r\n        <img class=\"wgm-lightbox-content\" id=\"wgm-lightbox-img_1\">\r\n    <\/div>\r\n<\/p>\n<p><strong>Christine BASSE FRANKS<\/strong><\/p>\n<p>48 Boulevard Mestr\u00e9zat l\u2019Aiguillon<\/p>\n<p>33120 Arcachon<\/p>\n<p>Mail :\u00a0<a href=\"mailto:basse.christine@gmail.com\">basse.christine@gmail.com<\/a><\/p>\n<p>Tel : 06.83.38.05.57<\/td>\n<td style=\"width: 50%;\">[form id=\u00a0\u00bb802&Prime;]<\/td>\n<\/tr>\n<\/tbody>\n<\/table>\n","protected":false},"excerpt":{"rendered":"<p>Christine BASSE FRANKS 48 Boulevard Mestr\u00e9zat l\u2019Aiguillon 33120 Arcachon Mail :\u00a0basse.christine@gmail.com Tel : 06.83.38.05.57 [form id=\u00a0\u00bb802&Prime;]<\/p>\n","protected":false},"author":1,"featured_media":0,"parent":0,"menu_order":0,"comment_status":"closed","ping_status":"closed","template":"page-fullwidth.php","meta":{"footnotes":""},"class_list":["post-359","page","type-page","status-publish","hentry"],"yoast_head":"<!-- This site is optimized with the Yoast SEO plugin v27.4 - https:\/\/yoast.com\/product\/yoast-seo-wordpress\/ -->\n<title>Envoyez moi un message ! -<\/title>\n<meta name=\"description\" content=\"Christine Basse Franks, Gu\u00e9rriseur-magn\u00e9tiseur sur le Bassin d&#039;arcachon. D\u00e9couvrez comment je peux vous aider \u00e0 solutionner vos difficult\u00e9s avec l&#039;ensemble de mes techniques.\" \/>\n<meta name=\"robots\" content=\"index, follow, max-snippet:-1, max-image-preview:large, max-video-preview:-1\" \/>\n<link rel=\"canonical\" href=\"https:\/\/christine-magnetiseur-guerisseur.com\/index.php\/envoyez-moi-un-message\/\" \/>\n<meta property=\"og:locale\" content=\"fr_FR\" \/>\n<meta property=\"og:type\" content=\"article\" \/>\n<meta property=\"og:title\" content=\"Envoyez moi un message ! -\" \/>\n<meta property=\"og:description\" content=\"Christine Basse Franks, Gu\u00e9rriseur-magn\u00e9tiseur sur le Bassin d&#039;arcachon. D\u00e9couvrez comment je peux vous aider \u00e0 solutionner vos difficult\u00e9s avec l&#039;ensemble de mes techniques.\" \/>\n<meta property=\"og:url\" content=\"https:\/\/christine-magnetiseur-guerisseur.com\/index.php\/envoyez-moi-un-message\/\" \/>\n<meta property=\"article:modified_time\" content=\"2023-04-12T19:12:27+00:00\" \/>\n<meta name=\"twitter:card\" content=\"summary_large_image\" \/>\n<meta name=\"twitter:label1\" content=\"Dur\u00e9e de lecture estim\u00e9e\" \/>\n\t<meta name=\"twitter:data1\" content=\"1 minute\" \/>\n<script type=\"application\/ld+json\" class=\"yoast-schema-graph\">{\"@context\":\"https:\\\/\\\/schema.org\",\"@graph\":[{\"@type\":\"WebPage\",\"@id\":\"https:\\\/\\\/christine-magnetiseur-guerisseur.com\\\/index.php\\\/envoyez-moi-un-message\\\/\",\"url\":\"https:\\\/\\\/christine-magnetiseur-guerisseur.com\\\/index.php\\\/envoyez-moi-un-message\\\/\",\"name\":\"Envoyez moi un message ! -\",\"isPartOf\":{\"@id\":\"https:\\\/\\\/christine-magnetiseur-guerisseur.com\\\/#website\"},\"datePublished\":\"2018-03-07T21:46:34+00:00\",\"dateModified\":\"2023-04-12T19:12:27+00:00\",\"description\":\"Christine Basse Franks, Gu\u00e9rriseur-magn\u00e9tiseur sur le Bassin d'arcachon. D\u00e9couvrez comment je peux vous aider \u00e0 solutionner vos difficult\u00e9s avec l'ensemble de mes techniques.\",\"breadcrumb\":{\"@id\":\"https:\\\/\\\/christine-magnetiseur-guerisseur.com\\\/index.php\\\/envoyez-moi-un-message\\\/#breadcrumb\"},\"inLanguage\":\"fr-FR\",\"potentialAction\":[{\"@type\":\"ReadAction\",\"target\":[\"https:\\\/\\\/christine-magnetiseur-guerisseur.com\\\/index.php\\\/envoyez-moi-un-message\\\/\"]}]},{\"@type\":\"BreadcrumbList\",\"@id\":\"https:\\\/\\\/christine-magnetiseur-guerisseur.com\\\/index.php\\\/envoyez-moi-un-message\\\/#breadcrumb\",\"itemListElement\":[{\"@type\":\"ListItem\",\"position\":1,\"name\":\"Accueil\",\"item\":\"https:\\\/\\\/christine-magnetiseur-guerisseur.com\\\/\"},{\"@type\":\"ListItem\",\"position\":2,\"name\":\"Envoyez moi un message !\"}]},{\"@type\":\"WebSite\",\"@id\":\"https:\\\/\\\/christine-magnetiseur-guerisseur.com\\\/#website\",\"url\":\"https:\\\/\\\/christine-magnetiseur-guerisseur.com\\\/\",\"name\":\"\",\"description\":\"Christine Basse Franks \u00e0 l&#039;\u00e9coute du corps...\",\"publisher\":{\"@id\":\"https:\\\/\\\/christine-magnetiseur-guerisseur.com\\\/#\\\/schema\\\/person\\\/9f9527ef5b3209c6239aa0a4250ed75f\"},\"potentialAction\":[{\"@type\":\"SearchAction\",\"target\":{\"@type\":\"EntryPoint\",\"urlTemplate\":\"https:\\\/\\\/christine-magnetiseur-guerisseur.com\\\/?s={search_term_string}\"},\"query-input\":{\"@type\":\"PropertyValueSpecification\",\"valueRequired\":true,\"valueName\":\"search_term_string\"}}],\"inLanguage\":\"fr-FR\"},{\"@type\":[\"Person\",\"Organization\"],\"@id\":\"https:\\\/\\\/christine-magnetiseur-guerisseur.com\\\/#\\\/schema\\\/person\\\/9f9527ef5b3209c6239aa0a4250ed75f\",\"name\":\"Christine Basse\",\"image\":{\"@type\":\"ImageObject\",\"inLanguage\":\"fr-FR\",\"@id\":\"http:\\\/\\\/christine-magnetiseur-guerisseur.com\\\/wp-content\\\/uploads\\\/2020\\\/07\\\/BD\u00a9-Christine-Se\u0301lection-_BDT0636.jpg\",\"url\":\"http:\\\/\\\/christine-magnetiseur-guerisseur.com\\\/wp-content\\\/uploads\\\/2020\\\/07\\\/BD\u00a9-Christine-Se\u0301lection-_BDT0636.jpg\",\"contentUrl\":\"http:\\\/\\\/christine-magnetiseur-guerisseur.com\\\/wp-content\\\/uploads\\\/2020\\\/07\\\/BD\u00a9-Christine-Se\u0301lection-_BDT0636.jpg\",\"width\":1047,\"height\":1571,\"caption\":\"Christine Basse\"},\"logo\":{\"@id\":\"http:\\\/\\\/christine-magnetiseur-guerisseur.com\\\/wp-content\\\/uploads\\\/2020\\\/07\\\/BD\u00a9-Christine-Se\u0301lection-_BDT0636.jpg\"}}]}<\/script>\n<!-- \/ Yoast SEO plugin. -->","yoast_head_json":{"title":"Envoyez moi un message ! -","description":"Christine Basse Franks, Gu\u00e9rriseur-magn\u00e9tiseur sur le Bassin d'arcachon. D\u00e9couvrez comment je peux vous aider \u00e0 solutionner vos difficult\u00e9s avec l'ensemble de mes techniques.","robots":{"index":"index","follow":"follow","max-snippet":"max-snippet:-1","max-image-preview":"max-image-preview:large","max-video-preview":"max-video-preview:-1"},"canonical":"https:\/\/christine-magnetiseur-guerisseur.com\/index.php\/envoyez-moi-un-message\/","og_locale":"fr_FR","og_type":"article","og_title":"Envoyez moi un message ! -","og_description":"Christine Basse Franks, Gu\u00e9rriseur-magn\u00e9tiseur sur le Bassin d'arcachon. D\u00e9couvrez comment je peux vous aider \u00e0 solutionner vos difficult\u00e9s avec l'ensemble de mes techniques.","og_url":"https:\/\/christine-magnetiseur-guerisseur.com\/index.php\/envoyez-moi-un-message\/","article_modified_time":"2023-04-12T19:12:27+00:00","twitter_card":"summary_large_image","twitter_misc":{"Dur\u00e9e de lecture estim\u00e9e":"1 minute"},"schema":{"@context":"https:\/\/schema.org","@graph":[{"@type":"WebPage","@id":"https:\/\/christine-magnetiseur-guerisseur.com\/index.php\/envoyez-moi-un-message\/","url":"https:\/\/christine-magnetiseur-guerisseur.com\/index.php\/envoyez-moi-un-message\/","name":"Envoyez moi un message ! -","isPartOf":{"@id":"https:\/\/christine-magnetiseur-guerisseur.com\/#website"},"datePublished":"2018-03-07T21:46:34+00:00","dateModified":"2023-04-12T19:12:27+00:00","description":"Christine Basse Franks, Gu\u00e9rriseur-magn\u00e9tiseur sur le Bassin d'arcachon. D\u00e9couvrez comment je peux vous aider \u00e0 solutionner vos difficult\u00e9s avec l'ensemble de mes techniques.","breadcrumb":{"@id":"https:\/\/christine-magnetiseur-guerisseur.com\/index.php\/envoyez-moi-un-message\/#breadcrumb"},"inLanguage":"fr-FR","potentialAction":[{"@type":"ReadAction","target":["https:\/\/christine-magnetiseur-guerisseur.com\/index.php\/envoyez-moi-un-message\/"]}]},{"@type":"BreadcrumbList","@id":"https:\/\/christine-magnetiseur-guerisseur.com\/index.php\/envoyez-moi-un-message\/#breadcrumb","itemListElement":[{"@type":"ListItem","position":1,"name":"Accueil","item":"https:\/\/christine-magnetiseur-guerisseur.com\/"},{"@type":"ListItem","position":2,"name":"Envoyez moi un message !"}]},{"@type":"WebSite","@id":"https:\/\/christine-magnetiseur-guerisseur.com\/#website","url":"https:\/\/christine-magnetiseur-guerisseur.com\/","name":"","description":"Christine Basse Franks \u00e0 l&#039;\u00e9coute du corps...","publisher":{"@id":"https:\/\/christine-magnetiseur-guerisseur.com\/#\/schema\/person\/9f9527ef5b3209c6239aa0a4250ed75f"},"potentialAction":[{"@type":"SearchAction","target":{"@type":"EntryPoint","urlTemplate":"https:\/\/christine-magnetiseur-guerisseur.com\/?s={search_term_string}"},"query-input":{"@type":"PropertyValueSpecification","valueRequired":true,"valueName":"search_term_string"}}],"inLanguage":"fr-FR"},{"@type":["Person","Organization"],"@id":"https:\/\/christine-magnetiseur-guerisseur.com\/#\/schema\/person\/9f9527ef5b3209c6239aa0a4250ed75f","name":"Christine Basse","image":{"@type":"ImageObject","inLanguage":"fr-FR","@id":"http:\/\/christine-magnetiseur-guerisseur.com\/wp-content\/uploads\/2020\/07\/BD\u00a9-Christine-Se\u0301lection-_BDT0636.jpg","url":"http:\/\/christine-magnetiseur-guerisseur.com\/wp-content\/uploads\/2020\/07\/BD\u00a9-Christine-Se\u0301lection-_BDT0636.jpg","contentUrl":"http:\/\/christine-magnetiseur-guerisseur.com\/wp-content\/uploads\/2020\/07\/BD\u00a9-Christine-Se\u0301lection-_BDT0636.jpg","width":1047,"height":1571,"caption":"Christine Basse"},"logo":{"@id":"http:\/\/christine-magnetiseur-guerisseur.com\/wp-content\/uploads\/2020\/07\/BD\u00a9-Christine-Se\u0301lection-_BDT0636.jpg"}}]}},"_links":{"self":[{"href":"https:\/\/christine-magnetiseur-guerisseur.com\/index.php\/wp-json\/wp\/v2\/pages\/359","targetHints":{"allow":["GET"]}}],"collection":[{"href":"https:\/\/christine-magnetiseur-guerisseur.com\/index.php\/wp-json\/wp\/v2\/pages"}],"about":[{"href":"https:\/\/christine-magnetiseur-guerisseur.com\/index.php\/wp-json\/wp\/v2\/types\/page"}],"author":[{"embeddable":true,"href":"https:\/\/christine-magnetiseur-guerisseur.com\/index.php\/wp-json\/wp\/v2\/users\/1"}],"replies":[{"embeddable":true,"href":"https:\/\/christine-magnetiseur-guerisseur.com\/index.php\/wp-json\/wp\/v2\/comments?post=359"}],"version-history":[{"count":6,"href":"https:\/\/christine-magnetiseur-guerisseur.com\/index.php\/wp-json\/wp\/v2\/pages\/359\/revisions"}],"predecessor-version":[{"id":803,"href":"https:\/\/christine-magnetiseur-guerisseur.com\/index.php\/wp-json\/wp\/v2\/pages\/359\/revisions\/803"}],"wp:attachment":[{"href":"https:\/\/christine-magnetiseur-guerisseur.com\/index.php\/wp-json\/wp\/v2\/media?parent=359"}],"curies":[{"name":"wp","href":"https:\/\/api.w.org\/{rel}","templated":true}]}}