{"id":253,"date":"2017-12-27T11:09:50","date_gmt":"2017-12-27T10:09:50","guid":{"rendered":"http:\/\/christine-magnetiseur-guerisseur.com\/?page_id=253"},"modified":"2020-09-04T20:48:44","modified_gmt":"2020-09-04T18:48:44","slug":"guerissuese-magnetiseuse","status":"publish","type":"page","link":"https:\/\/christine-magnetiseur-guerisseur.com\/index.php\/guerissuese-magnetiseuse\/","title":{"rendered":"Gu\u00e9risseuse &#8211; Magn\u00e9tiseuse"},"content":{"rendered":"<div id=\"row_SECTION_GF2368T7E6\">\n<div id=\"col_COLUMN_Q13TFJNI9M\">\n<blockquote>\n<p>\u00a0<span style=\"color: #0693e3; font-size: 14pt; font-weight: 600;\">Gr\u00e2ce \u00e0 mon don de magn\u00e9tisme, je suis<\/span><span style=\"color: #0693e3; font-size: 14pt; font-weight: 600;\">\u00a0en mesure de r\u00e9\u00e9quilibrer votre corps et d\u2019am\u00e9liorer significativement votre \u00e9tat de sant\u00e9.<\/span><\/p>\n<\/blockquote>\n<\/div>\n<\/div>\n<div id=\"row_SECTION_FO6PN4AIKM\" class=\"row\">\n<div id=\"col_COLUMN_7RO9FOFXNY\" class=\"large-7 columns\">\n<p id=\"img_BLOCK_B1PQQUAC1H\" class=\"block-image lazy\"><span style=\"color: #000000;\"><span style=\"color: #003366; font-size: 14pt;\"><img loading=\"lazy\" decoding=\"async\" class=\"size-medium wp-image-259 alignleft\" src=\"https:\/\/christine-magnetiseur-guerisseur.com\/wp-content\/uploads\/2017\/12\/Guerisseuse-300x184.jpeg\" alt=\"\" width=\"300\" height=\"184\" srcset=\"https:\/\/christine-magnetiseur-guerisseur.com\/wp-content\/uploads\/2017\/12\/Guerisseuse-300x184.jpeg 300w, https:\/\/christine-magnetiseur-guerisseur.com\/wp-content\/uploads\/2017\/12\/Guerisseuse-768x471.jpeg 768w, https:\/\/christine-magnetiseur-guerisseur.com\/wp-content\/uploads\/2017\/12\/Guerisseuse-1024x628.jpeg 1024w, https:\/\/christine-magnetiseur-guerisseur.com\/wp-content\/uploads\/2017\/12\/Guerisseuse-340x210.jpeg 340w, https:\/\/christine-magnetiseur-guerisseur.com\/wp-content\/uploads\/2017\/12\/Guerisseuse-570x350.jpeg 570w, https:\/\/christine-magnetiseur-guerisseur.com\/wp-content\/uploads\/2017\/12\/Guerisseuse.jpeg 1536w\" sizes=\"auto, (max-width: 300px) 100vw, 300px\" \/>Allergies diverses &#8211; ecz\u00e9ma &#8211; herp\u00e8s &#8211; zona &#8211; br\u00fblures &#8211; angoisses &#8211; moments de d\u00e9prime &#8211; insomnies &#8211; rhumatismes &#8211; entorses &#8211; douleurs diverses &#8211; probl\u00e8mes\u00a0digestifs, urinaires, respiratoires, gyn\u00e9cologiques -Maladie auto-immune\u2026<\/span><\/span><\/p>\n<p class=\"block-image lazy\"><span style=\"color: #003366; font-size: 14pt;\">Mon intervention peut aussi s\u2019av\u00e9rer utile si vous rencontrez des probl\u00e8mes de sant\u00e9 insolubles pour la m\u00e9decine allopathique.<\/span><\/p>\n<\/div>\n<\/div>\n<p><span style=\"color: #003366; font-size: 14pt;\">Coupeuse de feu, Je soulage des effets de la radioth\u00e9rapie, de vos br\u00fblures, vos inflammations par de\u00a0simples gestes.<\/span><\/p>\n<div id=\"row_SECTION_Z6EPMH6I1V\">\n<div id=\"col_COLUMN_QL8ZRI9736\">\n<p><span style=\"color: #003366; font-size: 14pt;\">En quelques jours votre zona dispara\u00eet.<\/span><\/p>\n<p><span style=\"color: #003366; font-size: 14pt;\">En vous transmettant mon magn\u00e9tisme,\u00a0j&rsquo;agit sur des points particuliers de votre corps o\u00f9 sont localis\u00e9s les blocages ou les troubles fonctionnels. Cela permet de faire circuler l\u2019\u00e9nergie car elle alimente la force de r\u00e9sistance ou de d\u00e9fenses naturelles de votre organisme contre les maladies.<\/span><\/p>\n<p><span style=\"color: #003366; font-size: 14pt;\"><img loading=\"lazy\" decoding=\"async\" class=\"wp-image-268 alignright\" src=\"https:\/\/christine-magnetiseur-guerisseur.com\/wp-content\/uploads\/2017\/12\/Fotolia_10609916_M-11971-300x200.jpg\" alt=\"\" width=\"266\" height=\"177\" srcset=\"https:\/\/christine-magnetiseur-guerisseur.com\/wp-content\/uploads\/2017\/12\/Fotolia_10609916_M-11971-300x200.jpg 300w, https:\/\/christine-magnetiseur-guerisseur.com\/wp-content\/uploads\/2017\/12\/Fotolia_10609916_M-11971-768x512.jpg 768w, https:\/\/christine-magnetiseur-guerisseur.com\/wp-content\/uploads\/2017\/12\/Fotolia_10609916_M-11971-1024x682.jpg 1024w, https:\/\/christine-magnetiseur-guerisseur.com\/wp-content\/uploads\/2017\/12\/Fotolia_10609916_M-11971.jpg 1689w\" sizes=\"auto, (max-width: 266px) 100vw, 266px\" \/><\/span><\/p>\n<p><span style=\"color: #003366; font-size: 14pt;\">Vous \u00eates loin, vous ne pouvez vous d\u00e9placer, j&rsquo;interviens sur photo.<\/span><\/p>\n<p><span style=\"color: #003366; font-size: 14pt;\">Votre animal de compagnie peut b\u00e9n\u00e9ficier de ses soins, le magn\u00e9tisme est tr\u00e8s efficace sur les animaux.<\/span><\/p>\n<\/div>\n<\/div>\n<div id=\"row_SECTION_ID9X7Q89FN\" class=\"row\">\n<div id=\"col_COLUMN_VXRB19MYJS\" class=\"large-17 columns\">\n<div id=\"text_BLOCK_VACC137XWT\" class=\"block-text\">\n<p><span style=\"color: #003366; font-size: 14pt;\">Le magn\u00e9tisme diff\u00e8re de la m\u00e9decine allopathique par sa m\u00e9thode de traitement. En effet, les th\u00e9rapies \u00e9nerg\u00e9tiques agissent sur les causes des maladies tandis que la m\u00e9decine allopathique traite les maladies en agissant sur les effets physiques.<\/span><\/p>\n<p><span style=\"color: #003366; font-size: 14pt;\">En aucun cas, le magn\u00e9tisme ne doit se substituer aux soins allopathiques. Il peut par contre accompagner les soins m\u00e9dicaux d\u2019une mani\u00e8re efficace et acc\u00e9l\u00e9rer les gu\u00e9risons.<\/span><\/p>\n<div id=\"row_SECTION_GF2368T7E6\" class=\"row\">\n<div id=\"col_COLUMN_Q13TFJNI9M\" class=\"large-24 columns\">\n<div>\u00a0 \u00a0 \u00a0 \u00a0<img loading=\"lazy\" decoding=\"async\" class=\"alignnone wp-image-310 \" src=\"https:\/\/christine-magnetiseur-guerisseur.com\/wp-content\/uploads\/2017\/12\/Main-avant-150x150.jpg\" alt=\"\" width=\"170\" height=\"170\" \/>\u00a0 \u00a0 \u00a0 \u00a0 \u00a0 \u00a0 \u00a0<img loading=\"lazy\" decoding=\"async\" class=\"alignnone wp-image-311 \" src=\"https:\/\/christine-magnetiseur-guerisseur.com\/wp-content\/uploads\/2017\/12\/Main-avant.2-150x150.jpg\" alt=\"\" width=\"166\" height=\"166\" \/>\u00a0 \u00a0 \u00a0 \u00a0 \u00a0 \u00a0\u00a0<img loading=\"lazy\" decoding=\"async\" class=\"alignnone wp-image-312 \" src=\"https:\/\/christine-magnetiseur-guerisseur.com\/wp-content\/uploads\/2017\/12\/Main-apr\u00e8s-1-150x150.jpg\" alt=\"\" width=\"168\" height=\"168\" \/><\/div>\n<div>\u00a0<\/div>\n<\/div>\n<\/div>\n<h5>Vous \u00eates curieux de connaitre d&rsquo;o\u00f9 me vient ce don ? <a href=\"https:\/\/christine-magnetiseur-guerisseur.com\/index.php\/ma-bio\/\">Lisez ma bio<\/a>\u00a0\u00a0<\/h5>\n<\/div>\n<\/div>\n<div><hr \/>\n<p style=\"text-align: right;\"><span style=\"color: #000000;\"><span style=\"color: #11a5fa;\"><strong>Christine BASSE FRANKS<\/strong><\/span>\u00a0<span style=\"color: #003366;\">&#8211; magn\u00e9tiseuse &#8211; gu\u00e9risseuse<\/span><\/span><\/p>\n<p>\u00a0<\/p>\n<\/div>\n<\/div>\n\n\n<p><\/p>\n","protected":false},"excerpt":{"rendered":"<p>\u00a0Gr\u00e2ce \u00e0 mon don de magn\u00e9tisme, je suis\u00a0en mesure de r\u00e9\u00e9quilibrer votre corps et d\u2019am\u00e9liorer significativement votre \u00e9tat de sant\u00e9. Allergies diverses &#8211; ecz\u00e9ma &#8211; herp\u00e8s &#8211; zona &#8211; br\u00fblures &#8211; angoisses &#8211; moments de d\u00e9prime &#8211; insomnies &#8211; rhumatismes &#8211; entorses &#8211; douleurs diverses &#8211; probl\u00e8mes\u00a0digestifs, urinaires, respiratoires, gyn\u00e9cologiques -Maladie auto-immune\u2026 Mon intervention peut<\/p>\n","protected":false},"author":1,"featured_media":0,"parent":0,"menu_order":0,"comment_status":"closed","ping_status":"closed","template":"page-fullwidth.php","meta":{"footnotes":""},"class_list":["post-253","page","type-page","status-publish","hentry"],"yoast_head":"<!-- This site is optimized with the Yoast SEO plugin v27.3 - https:\/\/yoast.com\/product\/yoast-seo-wordpress\/ -->\n<title>Gu\u00e9risseuse - Magn\u00e9tiseuse -<\/title>\n<meta name=\"description\" content=\"Gr\u00e2ce \u00e0 son don de magn\u00e9tisme,\u00a0CHRISTINE BASSE\u00a0est en mesure de r\u00e9\u00e9quilibrer votre corps et d\u2019am\u00e9liorer significativement votre \u00e9tat de sant\u00e9.\" \/>\n<meta name=\"robots\" content=\"index, follow, max-snippet:-1, max-image-preview:large, max-video-preview:-1\" \/>\n<link rel=\"canonical\" href=\"https:\/\/christine-magnetiseur-guerisseur.com\/index.php\/guerissuese-magnetiseuse\/\" \/>\n<meta property=\"og:locale\" content=\"fr_FR\" \/>\n<meta property=\"og:type\" content=\"article\" \/>\n<meta property=\"og:title\" content=\"Gu\u00e9risseuse - Magn\u00e9tiseuse -\" \/>\n<meta property=\"og:description\" content=\"Gr\u00e2ce \u00e0 son don de magn\u00e9tisme,\u00a0CHRISTINE BASSE\u00a0est en mesure de r\u00e9\u00e9quilibrer votre corps et d\u2019am\u00e9liorer significativement votre \u00e9tat de sant\u00e9.\" \/>\n<meta property=\"og:url\" content=\"https:\/\/christine-magnetiseur-guerisseur.com\/index.php\/guerissuese-magnetiseuse\/\" \/>\n<meta property=\"article:modified_time\" content=\"2020-09-04T18:48:44+00:00\" \/>\n<meta property=\"og:image\" content=\"http:\/\/christine-magnetiseur-guerisseur.com\/wp-content\/uploads\/2017\/12\/Guerisseuse-300x184.jpeg\" \/>\n<meta name=\"twitter:card\" content=\"summary_large_image\" \/>\n<meta name=\"twitter:label1\" content=\"Dur\u00e9e de lecture estim\u00e9e\" \/>\n\t<meta name=\"twitter:data1\" content=\"1 minute\" \/>\n<script type=\"application\/ld+json\" class=\"yoast-schema-graph\">{\"@context\":\"https:\\\/\\\/schema.org\",\"@graph\":[{\"@type\":\"WebPage\",\"@id\":\"https:\\\/\\\/christine-magnetiseur-guerisseur.com\\\/index.php\\\/guerissuese-magnetiseuse\\\/\",\"url\":\"https:\\\/\\\/christine-magnetiseur-guerisseur.com\\\/index.php\\\/guerissuese-magnetiseuse\\\/\",\"name\":\"Gu\u00e9risseuse - Magn\u00e9tiseuse -\",\"isPartOf\":{\"@id\":\"https:\\\/\\\/christine-magnetiseur-guerisseur.com\\\/#website\"},\"primaryImageOfPage\":{\"@id\":\"https:\\\/\\\/christine-magnetiseur-guerisseur.com\\\/index.php\\\/guerissuese-magnetiseuse\\\/#primaryimage\"},\"image\":{\"@id\":\"https:\\\/\\\/christine-magnetiseur-guerisseur.com\\\/index.php\\\/guerissuese-magnetiseuse\\\/#primaryimage\"},\"thumbnailUrl\":\"http:\\\/\\\/christine-magnetiseur-guerisseur.com\\\/wp-content\\\/uploads\\\/2017\\\/12\\\/Guerisseuse-300x184.jpeg\",\"datePublished\":\"2017-12-27T10:09:50+00:00\",\"dateModified\":\"2020-09-04T18:48:44+00:00\",\"description\":\"Gr\u00e2ce \u00e0 son don de magn\u00e9tisme,\u00a0CHRISTINE BASSE\u00a0est en mesure de r\u00e9\u00e9quilibrer votre corps et d\u2019am\u00e9liorer significativement votre \u00e9tat de sant\u00e9.\",\"breadcrumb\":{\"@id\":\"https:\\\/\\\/christine-magnetiseur-guerisseur.com\\\/index.php\\\/guerissuese-magnetiseuse\\\/#breadcrumb\"},\"inLanguage\":\"fr-FR\",\"potentialAction\":[{\"@type\":\"ReadAction\",\"target\":[\"https:\\\/\\\/christine-magnetiseur-guerisseur.com\\\/index.php\\\/guerissuese-magnetiseuse\\\/\"]}]},{\"@type\":\"ImageObject\",\"inLanguage\":\"fr-FR\",\"@id\":\"https:\\\/\\\/christine-magnetiseur-guerisseur.com\\\/index.php\\\/guerissuese-magnetiseuse\\\/#primaryimage\",\"url\":\"https:\\\/\\\/christine-magnetiseur-guerisseur.com\\\/wp-content\\\/uploads\\\/2017\\\/12\\\/Guerisseuse.jpeg\",\"contentUrl\":\"https:\\\/\\\/christine-magnetiseur-guerisseur.com\\\/wp-content\\\/uploads\\\/2017\\\/12\\\/Guerisseuse.jpeg\",\"width\":1536,\"height\":942},{\"@type\":\"BreadcrumbList\",\"@id\":\"https:\\\/\\\/christine-magnetiseur-guerisseur.com\\\/index.php\\\/guerissuese-magnetiseuse\\\/#breadcrumb\",\"itemListElement\":[{\"@type\":\"ListItem\",\"position\":1,\"name\":\"Accueil\",\"item\":\"https:\\\/\\\/christine-magnetiseur-guerisseur.com\\\/\"},{\"@type\":\"ListItem\",\"position\":2,\"name\":\"Gu\u00e9risseuse &#8211; Magn\u00e9tiseuse\"}]},{\"@type\":\"WebSite\",\"@id\":\"https:\\\/\\\/christine-magnetiseur-guerisseur.com\\\/#website\",\"url\":\"https:\\\/\\\/christine-magnetiseur-guerisseur.com\\\/\",\"name\":\"\",\"description\":\"Christine Basse Franks \u00e0 l&#039;\u00e9coute du corps...\",\"publisher\":{\"@id\":\"https:\\\/\\\/christine-magnetiseur-guerisseur.com\\\/#\\\/schema\\\/person\\\/9f9527ef5b3209c6239aa0a4250ed75f\"},\"potentialAction\":[{\"@type\":\"SearchAction\",\"target\":{\"@type\":\"EntryPoint\",\"urlTemplate\":\"https:\\\/\\\/christine-magnetiseur-guerisseur.com\\\/?s={search_term_string}\"},\"query-input\":{\"@type\":\"PropertyValueSpecification\",\"valueRequired\":true,\"valueName\":\"search_term_string\"}}],\"inLanguage\":\"fr-FR\"},{\"@type\":[\"Person\",\"Organization\"],\"@id\":\"https:\\\/\\\/christine-magnetiseur-guerisseur.com\\\/#\\\/schema\\\/person\\\/9f9527ef5b3209c6239aa0a4250ed75f\",\"name\":\"Christine Basse\",\"image\":{\"@type\":\"ImageObject\",\"inLanguage\":\"fr-FR\",\"@id\":\"http:\\\/\\\/christine-magnetiseur-guerisseur.com\\\/wp-content\\\/uploads\\\/2020\\\/07\\\/BD\u00a9-Christine-Se\u0301lection-_BDT0636.jpg\",\"url\":\"http:\\\/\\\/christine-magnetiseur-guerisseur.com\\\/wp-content\\\/uploads\\\/2020\\\/07\\\/BD\u00a9-Christine-Se\u0301lection-_BDT0636.jpg\",\"contentUrl\":\"http:\\\/\\\/christine-magnetiseur-guerisseur.com\\\/wp-content\\\/uploads\\\/2020\\\/07\\\/BD\u00a9-Christine-Se\u0301lection-_BDT0636.jpg\",\"width\":1047,\"height\":1571,\"caption\":\"Christine Basse\"},\"logo\":{\"@id\":\"http:\\\/\\\/christine-magnetiseur-guerisseur.com\\\/wp-content\\\/uploads\\\/2020\\\/07\\\/BD\u00a9-Christine-Se\u0301lection-_BDT0636.jpg\"}}]}<\/script>\n<!-- \/ Yoast SEO plugin. -->","yoast_head_json":{"title":"Gu\u00e9risseuse - Magn\u00e9tiseuse -","description":"Gr\u00e2ce \u00e0 son don de magn\u00e9tisme,\u00a0CHRISTINE BASSE\u00a0est en mesure de r\u00e9\u00e9quilibrer votre corps et d\u2019am\u00e9liorer significativement votre \u00e9tat de sant\u00e9.","robots":{"index":"index","follow":"follow","max-snippet":"max-snippet:-1","max-image-preview":"max-image-preview:large","max-video-preview":"max-video-preview:-1"},"canonical":"https:\/\/christine-magnetiseur-guerisseur.com\/index.php\/guerissuese-magnetiseuse\/","og_locale":"fr_FR","og_type":"article","og_title":"Gu\u00e9risseuse - Magn\u00e9tiseuse -","og_description":"Gr\u00e2ce \u00e0 son don de magn\u00e9tisme,\u00a0CHRISTINE BASSE\u00a0est en mesure de r\u00e9\u00e9quilibrer votre corps et d\u2019am\u00e9liorer significativement votre \u00e9tat de sant\u00e9.","og_url":"https:\/\/christine-magnetiseur-guerisseur.com\/index.php\/guerissuese-magnetiseuse\/","article_modified_time":"2020-09-04T18:48:44+00:00","og_image":[{"url":"http:\/\/christine-magnetiseur-guerisseur.com\/wp-content\/uploads\/2017\/12\/Guerisseuse-300x184.jpeg","type":"","width":"","height":""}],"twitter_card":"summary_large_image","twitter_misc":{"Dur\u00e9e de lecture estim\u00e9e":"1 minute"},"schema":{"@context":"https:\/\/schema.org","@graph":[{"@type":"WebPage","@id":"https:\/\/christine-magnetiseur-guerisseur.com\/index.php\/guerissuese-magnetiseuse\/","url":"https:\/\/christine-magnetiseur-guerisseur.com\/index.php\/guerissuese-magnetiseuse\/","name":"Gu\u00e9risseuse - Magn\u00e9tiseuse -","isPartOf":{"@id":"https:\/\/christine-magnetiseur-guerisseur.com\/#website"},"primaryImageOfPage":{"@id":"https:\/\/christine-magnetiseur-guerisseur.com\/index.php\/guerissuese-magnetiseuse\/#primaryimage"},"image":{"@id":"https:\/\/christine-magnetiseur-guerisseur.com\/index.php\/guerissuese-magnetiseuse\/#primaryimage"},"thumbnailUrl":"http:\/\/christine-magnetiseur-guerisseur.com\/wp-content\/uploads\/2017\/12\/Guerisseuse-300x184.jpeg","datePublished":"2017-12-27T10:09:50+00:00","dateModified":"2020-09-04T18:48:44+00:00","description":"Gr\u00e2ce \u00e0 son don de magn\u00e9tisme,\u00a0CHRISTINE BASSE\u00a0est en mesure de r\u00e9\u00e9quilibrer votre corps et d\u2019am\u00e9liorer significativement votre \u00e9tat de sant\u00e9.","breadcrumb":{"@id":"https:\/\/christine-magnetiseur-guerisseur.com\/index.php\/guerissuese-magnetiseuse\/#breadcrumb"},"inLanguage":"fr-FR","potentialAction":[{"@type":"ReadAction","target":["https:\/\/christine-magnetiseur-guerisseur.com\/index.php\/guerissuese-magnetiseuse\/"]}]},{"@type":"ImageObject","inLanguage":"fr-FR","@id":"https:\/\/christine-magnetiseur-guerisseur.com\/index.php\/guerissuese-magnetiseuse\/#primaryimage","url":"https:\/\/christine-magnetiseur-guerisseur.com\/wp-content\/uploads\/2017\/12\/Guerisseuse.jpeg","contentUrl":"https:\/\/christine-magnetiseur-guerisseur.com\/wp-content\/uploads\/2017\/12\/Guerisseuse.jpeg","width":1536,"height":942},{"@type":"BreadcrumbList","@id":"https:\/\/christine-magnetiseur-guerisseur.com\/index.php\/guerissuese-magnetiseuse\/#breadcrumb","itemListElement":[{"@type":"ListItem","position":1,"name":"Accueil","item":"https:\/\/christine-magnetiseur-guerisseur.com\/"},{"@type":"ListItem","position":2,"name":"Gu\u00e9risseuse &#8211; Magn\u00e9tiseuse"}]},{"@type":"WebSite","@id":"https:\/\/christine-magnetiseur-guerisseur.com\/#website","url":"https:\/\/christine-magnetiseur-guerisseur.com\/","name":"","description":"Christine Basse Franks \u00e0 l&#039;\u00e9coute du corps...","publisher":{"@id":"https:\/\/christine-magnetiseur-guerisseur.com\/#\/schema\/person\/9f9527ef5b3209c6239aa0a4250ed75f"},"potentialAction":[{"@type":"SearchAction","target":{"@type":"EntryPoint","urlTemplate":"https:\/\/christine-magnetiseur-guerisseur.com\/?s={search_term_string}"},"query-input":{"@type":"PropertyValueSpecification","valueRequired":true,"valueName":"search_term_string"}}],"inLanguage":"fr-FR"},{"@type":["Person","Organization"],"@id":"https:\/\/christine-magnetiseur-guerisseur.com\/#\/schema\/person\/9f9527ef5b3209c6239aa0a4250ed75f","name":"Christine Basse","image":{"@type":"ImageObject","inLanguage":"fr-FR","@id":"http:\/\/christine-magnetiseur-guerisseur.com\/wp-content\/uploads\/2020\/07\/BD\u00a9-Christine-Se\u0301lection-_BDT0636.jpg","url":"http:\/\/christine-magnetiseur-guerisseur.com\/wp-content\/uploads\/2020\/07\/BD\u00a9-Christine-Se\u0301lection-_BDT0636.jpg","contentUrl":"http:\/\/christine-magnetiseur-guerisseur.com\/wp-content\/uploads\/2020\/07\/BD\u00a9-Christine-Se\u0301lection-_BDT0636.jpg","width":1047,"height":1571,"caption":"Christine Basse"},"logo":{"@id":"http:\/\/christine-magnetiseur-guerisseur.com\/wp-content\/uploads\/2020\/07\/BD\u00a9-Christine-Se\u0301lection-_BDT0636.jpg"}}]}},"_links":{"self":[{"href":"https:\/\/christine-magnetiseur-guerisseur.com\/index.php\/wp-json\/wp\/v2\/pages\/253","targetHints":{"allow":["GET"]}}],"collection":[{"href":"https:\/\/christine-magnetiseur-guerisseur.com\/index.php\/wp-json\/wp\/v2\/pages"}],"about":[{"href":"https:\/\/christine-magnetiseur-guerisseur.com\/index.php\/wp-json\/wp\/v2\/types\/page"}],"author":[{"embeddable":true,"href":"https:\/\/christine-magnetiseur-guerisseur.com\/index.php\/wp-json\/wp\/v2\/users\/1"}],"replies":[{"embeddable":true,"href":"https:\/\/christine-magnetiseur-guerisseur.com\/index.php\/wp-json\/wp\/v2\/comments?post=253"}],"version-history":[{"count":43,"href":"https:\/\/christine-magnetiseur-guerisseur.com\/index.php\/wp-json\/wp\/v2\/pages\/253\/revisions"}],"predecessor-version":[{"id":730,"href":"https:\/\/christine-magnetiseur-guerisseur.com\/index.php\/wp-json\/wp\/v2\/pages\/253\/revisions\/730"}],"wp:attachment":[{"href":"https:\/\/christine-magnetiseur-guerisseur.com\/index.php\/wp-json\/wp\/v2\/media?parent=253"}],"curies":[{"name":"wp","href":"https:\/\/api.w.org\/{rel}","templated":true}]}}