{"id":182,"date":"2017-11-12T18:28:49","date_gmt":"2017-11-12T17:28:49","guid":{"rendered":"http:\/\/christine-magnetiseur-guerisseur.com\/?page_id=182"},"modified":"2021-12-07T23:12:18","modified_gmt":"2021-12-07T22:12:18","slug":"accueil-christine-magnetiseuse-guerisseuse-bassin-darcachon","status":"publish","type":"page","link":"https:\/\/christine-magnetiseur-guerisseur.com\/","title":{"rendered":"Accueil"},"content":{"rendered":"","protected":false},"excerpt":{"rendered":"","protected":false},"author":1,"featured_media":0,"parent":0,"menu_order":0,"comment_status":"closed","ping_status":"closed","template":"","meta":{"footnotes":""},"class_list":["post-182","page","type-page","status-publish","hentry"],"yoast_head":"<!-- This site is optimized with the Yoast SEO plugin v27.4 - https:\/\/yoast.com\/product\/yoast-seo-wordpress\/ -->\n<title>Accueil - Magn\u00e9tiseuse - Gu\u00e9risseuse - Bassin d&#039;Arcachon<\/title>\n<meta name=\"description\" content=\"Je poss\u00e8de un don de magn\u00e9tisme depuis mon enfance. Je me sers de ce don pour soulager mes patients et les accompagner dans leurs maladies.\" \/>\n<meta name=\"robots\" content=\"index, follow, max-snippet:-1, max-image-preview:large, max-video-preview:-1\" \/>\n<link rel=\"canonical\" href=\"https:\/\/christine-magnetiseur-guerisseur.com\/\" \/>\n<meta property=\"og:locale\" content=\"fr_FR\" \/>\n<meta property=\"og:type\" content=\"article\" \/>\n<meta property=\"og:title\" content=\"Accueil - Magn\u00e9tiseuse - Gu\u00e9risseuse - Bassin d&#039;Arcachon\" \/>\n<meta property=\"og:description\" content=\"Je poss\u00e8de un don de magn\u00e9tisme depuis mon enfance. Je me sers de ce don pour soulager mes patients et les accompagner dans leurs maladies.\" \/>\n<meta property=\"og:url\" content=\"https:\/\/christine-magnetiseur-guerisseur.com\/\" \/>\n<meta property=\"article:modified_time\" content=\"2021-12-07T22:12:18+00:00\" \/>\n<meta name=\"twitter:card\" content=\"summary_large_image\" \/>\n<script type=\"application\/ld+json\" class=\"yoast-schema-graph\">{\"@context\":\"https:\\\/\\\/schema.org\",\"@graph\":[{\"@type\":\"WebPage\",\"@id\":\"https:\\\/\\\/christine-magnetiseur-guerisseur.com\\\/\",\"url\":\"https:\\\/\\\/christine-magnetiseur-guerisseur.com\\\/\",\"name\":\"Accueil - Magn\u00e9tiseuse - Gu\u00e9risseuse - Bassin d'Arcachon\",\"isPartOf\":{\"@id\":\"https:\\\/\\\/christine-magnetiseur-guerisseur.com\\\/#website\"},\"datePublished\":\"2017-11-12T17:28:49+00:00\",\"dateModified\":\"2021-12-07T22:12:18+00:00\",\"description\":\"Je poss\u00e8de un don de magn\u00e9tisme depuis mon enfance. Je me sers de ce don pour soulager mes patients et les accompagner dans leurs maladies.\",\"breadcrumb\":{\"@id\":\"https:\\\/\\\/christine-magnetiseur-guerisseur.com\\\/#breadcrumb\"},\"inLanguage\":\"fr-FR\",\"potentialAction\":[{\"@type\":\"ReadAction\",\"target\":[\"https:\\\/\\\/christine-magnetiseur-guerisseur.com\\\/\"]}]},{\"@type\":\"BreadcrumbList\",\"@id\":\"https:\\\/\\\/christine-magnetiseur-guerisseur.com\\\/#breadcrumb\",\"itemListElement\":[{\"@type\":\"ListItem\",\"position\":1,\"name\":\"Accueil\",\"item\":\"https:\\\/\\\/christine-magnetiseur-guerisseur.com\\\/\"},{\"@type\":\"ListItem\",\"position\":2,\"name\":\"Accueil\"}]},{\"@type\":\"WebSite\",\"@id\":\"https:\\\/\\\/christine-magnetiseur-guerisseur.com\\\/#website\",\"url\":\"https:\\\/\\\/christine-magnetiseur-guerisseur.com\\\/\",\"name\":\"\",\"description\":\"Christine Basse Franks \u00e0 l&#039;\u00e9coute du corps...\",\"publisher\":{\"@id\":\"https:\\\/\\\/christine-magnetiseur-guerisseur.com\\\/#\\\/schema\\\/person\\\/9f9527ef5b3209c6239aa0a4250ed75f\"},\"potentialAction\":[{\"@type\":\"SearchAction\",\"target\":{\"@type\":\"EntryPoint\",\"urlTemplate\":\"https:\\\/\\\/christine-magnetiseur-guerisseur.com\\\/?s={search_term_string}\"},\"query-input\":{\"@type\":\"PropertyValueSpecification\",\"valueRequired\":true,\"valueName\":\"search_term_string\"}}],\"inLanguage\":\"fr-FR\"},{\"@type\":[\"Person\",\"Organization\"],\"@id\":\"https:\\\/\\\/christine-magnetiseur-guerisseur.com\\\/#\\\/schema\\\/person\\\/9f9527ef5b3209c6239aa0a4250ed75f\",\"name\":\"Christine Basse\",\"image\":{\"@type\":\"ImageObject\",\"inLanguage\":\"fr-FR\",\"@id\":\"http:\\\/\\\/christine-magnetiseur-guerisseur.com\\\/wp-content\\\/uploads\\\/2020\\\/07\\\/BD\u00a9-Christine-Se\u0301lection-_BDT0636.jpg\",\"url\":\"http:\\\/\\\/christine-magnetiseur-guerisseur.com\\\/wp-content\\\/uploads\\\/2020\\\/07\\\/BD\u00a9-Christine-Se\u0301lection-_BDT0636.jpg\",\"contentUrl\":\"http:\\\/\\\/christine-magnetiseur-guerisseur.com\\\/wp-content\\\/uploads\\\/2020\\\/07\\\/BD\u00a9-Christine-Se\u0301lection-_BDT0636.jpg\",\"width\":1047,\"height\":1571,\"caption\":\"Christine Basse\"},\"logo\":{\"@id\":\"http:\\\/\\\/christine-magnetiseur-guerisseur.com\\\/wp-content\\\/uploads\\\/2020\\\/07\\\/BD\u00a9-Christine-Se\u0301lection-_BDT0636.jpg\"}}]}<\/script>\n<!-- \/ Yoast SEO plugin. -->","yoast_head_json":{"title":"Accueil - Magn\u00e9tiseuse - Gu\u00e9risseuse - Bassin d'Arcachon","description":"Je poss\u00e8de un don de magn\u00e9tisme depuis mon enfance. Je me sers de ce don pour soulager mes patients et les accompagner dans leurs maladies.","robots":{"index":"index","follow":"follow","max-snippet":"max-snippet:-1","max-image-preview":"max-image-preview:large","max-video-preview":"max-video-preview:-1"},"canonical":"https:\/\/christine-magnetiseur-guerisseur.com\/","og_locale":"fr_FR","og_type":"article","og_title":"Accueil - Magn\u00e9tiseuse - Gu\u00e9risseuse - Bassin d'Arcachon","og_description":"Je poss\u00e8de un don de magn\u00e9tisme depuis mon enfance. Je me sers de ce don pour soulager mes patients et les accompagner dans leurs maladies.","og_url":"https:\/\/christine-magnetiseur-guerisseur.com\/","article_modified_time":"2021-12-07T22:12:18+00:00","twitter_card":"summary_large_image","schema":{"@context":"https:\/\/schema.org","@graph":[{"@type":"WebPage","@id":"https:\/\/christine-magnetiseur-guerisseur.com\/","url":"https:\/\/christine-magnetiseur-guerisseur.com\/","name":"Accueil - Magn\u00e9tiseuse - Gu\u00e9risseuse - Bassin d'Arcachon","isPartOf":{"@id":"https:\/\/christine-magnetiseur-guerisseur.com\/#website"},"datePublished":"2017-11-12T17:28:49+00:00","dateModified":"2021-12-07T22:12:18+00:00","description":"Je poss\u00e8de un don de magn\u00e9tisme depuis mon enfance. Je me sers de ce don pour soulager mes patients et les accompagner dans leurs maladies.","breadcrumb":{"@id":"https:\/\/christine-magnetiseur-guerisseur.com\/#breadcrumb"},"inLanguage":"fr-FR","potentialAction":[{"@type":"ReadAction","target":["https:\/\/christine-magnetiseur-guerisseur.com\/"]}]},{"@type":"BreadcrumbList","@id":"https:\/\/christine-magnetiseur-guerisseur.com\/#breadcrumb","itemListElement":[{"@type":"ListItem","position":1,"name":"Accueil","item":"https:\/\/christine-magnetiseur-guerisseur.com\/"},{"@type":"ListItem","position":2,"name":"Accueil"}]},{"@type":"WebSite","@id":"https:\/\/christine-magnetiseur-guerisseur.com\/#website","url":"https:\/\/christine-magnetiseur-guerisseur.com\/","name":"","description":"Christine Basse Franks \u00e0 l&#039;\u00e9coute du corps...","publisher":{"@id":"https:\/\/christine-magnetiseur-guerisseur.com\/#\/schema\/person\/9f9527ef5b3209c6239aa0a4250ed75f"},"potentialAction":[{"@type":"SearchAction","target":{"@type":"EntryPoint","urlTemplate":"https:\/\/christine-magnetiseur-guerisseur.com\/?s={search_term_string}"},"query-input":{"@type":"PropertyValueSpecification","valueRequired":true,"valueName":"search_term_string"}}],"inLanguage":"fr-FR"},{"@type":["Person","Organization"],"@id":"https:\/\/christine-magnetiseur-guerisseur.com\/#\/schema\/person\/9f9527ef5b3209c6239aa0a4250ed75f","name":"Christine Basse","image":{"@type":"ImageObject","inLanguage":"fr-FR","@id":"http:\/\/christine-magnetiseur-guerisseur.com\/wp-content\/uploads\/2020\/07\/BD\u00a9-Christine-Se\u0301lection-_BDT0636.jpg","url":"http:\/\/christine-magnetiseur-guerisseur.com\/wp-content\/uploads\/2020\/07\/BD\u00a9-Christine-Se\u0301lection-_BDT0636.jpg","contentUrl":"http:\/\/christine-magnetiseur-guerisseur.com\/wp-content\/uploads\/2020\/07\/BD\u00a9-Christine-Se\u0301lection-_BDT0636.jpg","width":1047,"height":1571,"caption":"Christine Basse"},"logo":{"@id":"http:\/\/christine-magnetiseur-guerisseur.com\/wp-content\/uploads\/2020\/07\/BD\u00a9-Christine-Se\u0301lection-_BDT0636.jpg"}}]}},"_links":{"self":[{"href":"https:\/\/christine-magnetiseur-guerisseur.com\/index.php\/wp-json\/wp\/v2\/pages\/182","targetHints":{"allow":["GET"]}}],"collection":[{"href":"https:\/\/christine-magnetiseur-guerisseur.com\/index.php\/wp-json\/wp\/v2\/pages"}],"about":[{"href":"https:\/\/christine-magnetiseur-guerisseur.com\/index.php\/wp-json\/wp\/v2\/types\/page"}],"author":[{"embeddable":true,"href":"https:\/\/christine-magnetiseur-guerisseur.com\/index.php\/wp-json\/wp\/v2\/users\/1"}],"replies":[{"embeddable":true,"href":"https:\/\/christine-magnetiseur-guerisseur.com\/index.php\/wp-json\/wp\/v2\/comments?post=182"}],"version-history":[{"count":2,"href":"https:\/\/christine-magnetiseur-guerisseur.com\/index.php\/wp-json\/wp\/v2\/pages\/182\/revisions"}],"predecessor-version":[{"id":879,"href":"https:\/\/christine-magnetiseur-guerisseur.com\/index.php\/wp-json\/wp\/v2\/pages\/182\/revisions\/879"}],"wp:attachment":[{"href":"https:\/\/christine-magnetiseur-guerisseur.com\/index.php\/wp-json\/wp\/v2\/media?parent=182"}],"curies":[{"name":"wp","href":"https:\/\/api.w.org\/{rel}","templated":true}]}}