{"id":131,"date":"2017-05-30T22:46:44","date_gmt":"2017-05-30T20:46:44","guid":{"rendered":"http:\/\/christine-magnetiseur-guerisseur.com\/?page_id=131"},"modified":"2020-03-02T21:00:45","modified_gmt":"2020-03-02T20:00:45","slug":"therapie-manuelle-fluidique","status":"publish","type":"page","link":"https:\/\/christine-magnetiseur-guerisseur.com\/index.php\/therapie-manuelle-fluidique\/","title":{"rendered":"Th\u00e9rapie manuelle \u00e9nerg\u00e9tique"},"content":{"rendered":"<div id=\"row_SECTION_1COK0PQDIQ\" class=\"row\">\n<div id=\"col_COLUMN_JG77POGGAF\" class=\"large-24 columns\">\n<div id=\"text_BLOCK_8KRL22KHTB\" class=\"block-text\">\n<h4><span style=\"color: #11a5fa;\"><img loading=\"lazy\" decoding=\"async\" class=\" wp-image-250 aligncenter\" src=\"https:\/\/christine-magnetiseur-guerisseur.com\/wp-content\/uploads\/2017\/12\/Osteo-300x100.gif\" alt=\"\" width=\"324\" height=\"108\" \/><\/span><\/h4>\n<blockquote>\n<h3><span style=\"color: #0693e3; font-size: 14pt;\">Une s\u00e9ance de th\u00e9rapie \u00a0\u00bb A l&rsquo;\u00e9coute du corps\u00a0\u00bb se d\u00e9roule sans craquement, quasiment sans mouvement, avec rapidit\u00e9 et performance.<\/span><\/h3>\n<\/blockquote>\n<p><img loading=\"lazy\" decoding=\"async\" class=\"size-full wp-image-57 alignright\" src=\"https:\/\/christine-magnetiseur-guerisseur.com\/wp-content\/uploads\/2017\/05\/Osteo.png\" alt=\"\" width=\"271\" height=\"221\" \/><\/p>\n<p><span style=\"font-size: 18pt; color: #0693e3;\"><em><strong>Etonnant !<\/strong><\/em><\/span><\/p>\n<p><span style=\"color: #003366;\"><span style=\"font-size: 14pt;\">Aucune contrainte sur le corps, pas de modification de la structure,\u00a0la manipulation se passe sur les mouvements fluidiques retrouv\u00e9s \u00e0 la surface du corps.<\/span><\/span><\/p>\n<p><span style=\"color: #003366; font-size: 14pt;\">\u00ab\u00a0J&rsquo;\u00e9coute\u00a0\u00bb\u00a0avec\u00a0les\u00a0mains et\u00a0d&rsquo;un geste \u00ab\u00a0j&rsquo;informe\u00a0\u00bb le corps de mon intentionnalit\u00e9 correctrice.\u00a0Un geste appuy\u00e9 et limit\u00e9 mais vif et pr\u00e9cis.<\/span><\/p>\n<\/div>\n<hr \/>\n<div id=\"text_BLOCK_8KRL22KHTB\" class=\"block-text\">\n<p><span style=\"font-size: 14pt;\"><img loading=\"lazy\" decoding=\"async\" class=\"size-medium wp-image-54 alignleft\" src=\"https:\/\/christine-magnetiseur-guerisseur.com\/wp-content\/uploads\/2017\/05\/Massage-T\u00eate-288x300.png\" alt=\"\" width=\"288\" height=\"300\" srcset=\"https:\/\/christine-magnetiseur-guerisseur.com\/wp-content\/uploads\/2017\/05\/Massage-T\u00eate-288x300.png 288w, https:\/\/christine-magnetiseur-guerisseur.com\/wp-content\/uploads\/2017\/05\/Massage-T\u00eate-768x800.png 768w, https:\/\/christine-magnetiseur-guerisseur.com\/wp-content\/uploads\/2017\/05\/Massage-T\u00eate-983x1024.png 983w, https:\/\/christine-magnetiseur-guerisseur.com\/wp-content\/uploads\/2017\/05\/Massage-T\u00eate.png 1037w\" sizes=\"auto, (max-width: 288px) 100vw, 288px\" \/><span style=\"color: #003366;\">Notre corps entasse par strates les restes des \u00e9v\u00e8nements de notre pass\u00e9, l&rsquo;accumulation\u00a0de ces \u00e9v\u00e8nements\u00a0nous impose des syst\u00e8mes d&rsquo;adaptations.<\/span><\/span><\/p>\n<p><span style=\"color: #003366; font-size: 14pt;\">La th\u00e9rapie \u00a0\u00bb A l&rsquo;\u00e9coute du corps \u00a0\u00bb sait lire les traces du pass\u00e9 et les d\u00e9busque dans les recoins de notre expression fluidique \u00e9nerg\u00e9tique.<\/span><\/p>\n<p><span style=\"color: #003366; font-size: 14pt;\">Savoir d\u00e9chiffrer le langage du corps, le diagnostique et\u00a0la th\u00e9rapeutique passent\u00a0par le rev\u00eatement cutan\u00e9,\u00a0celui-ci poss\u00e8de son vocabulaire et sa grammaire.<\/span><\/p>\n<\/div>\n<\/div>\n<\/div>\n<div id=\"row_SECTION_VDMDNVVBHF\" class=\"row\">\u00a0<\/div>\n<div id=\"row_SECTION_FHLG2QMBJ8\" class=\"row\">\n<div id=\"col_COLUMN_GYRHQZDCIK\" class=\"large-24 columns\">\n<div id=\"text_BLOCK_RWO933WK0Q\" class=\"block-text\">\n<blockquote>\n<p><span style=\"font-size: 14pt;\"><strong>Il faut montrer au corps le droit chemin vers la gu\u00e9rison et c&rsquo;est lui qui emprunte la voie de cette gu\u00e9rison qui est inscrite en lui.\u00a0<\/strong><strong>L&rsquo;\u00e9nergie du corps guide et commande la structure.<\/strong><\/span><\/p>\n<\/blockquote>\n<\/div>\n<\/div>\n<\/div>\n\n\n<hr \/>\n<p style=\"text-align: right;\"><span style=\"color: #000000;\"><span style=\"color: #11a5fa;\"><strong>Christine BASSE FRANKS<\/strong><\/span>\u00a0<span style=\"color: #003366;\">&#8211; magn\u00e9tiseuse &#8211; gu\u00e9risseuse<\/span><\/span><\/p>\n<p>\u00a0<\/p>\n","protected":false},"excerpt":{"rendered":"<p>Une s\u00e9ance de th\u00e9rapie \u00a0\u00bb A l&rsquo;\u00e9coute du corps\u00a0\u00bb se d\u00e9roule sans craquement, quasiment sans mouvement, avec rapidit\u00e9 et performance. Etonnant ! Aucune contrainte sur le corps, pas de modification de la structure,\u00a0la manipulation se passe sur les mouvements fluidiques retrouv\u00e9s \u00e0 la surface du corps. \u00ab\u00a0J&rsquo;\u00e9coute\u00a0\u00bb\u00a0avec\u00a0les\u00a0mains et\u00a0d&rsquo;un geste \u00ab\u00a0j&rsquo;informe\u00a0\u00bb le corps de mon intentionnalit\u00e9<\/p>\n","protected":false},"author":1,"featured_media":0,"parent":0,"menu_order":0,"comment_status":"closed","ping_status":"closed","template":"page-fullwidth.php","meta":{"footnotes":""},"class_list":["post-131","page","type-page","status-publish","hentry"],"yoast_head":"<!-- This site is optimized with the Yoast SEO plugin v27.4 - https:\/\/yoast.com\/product\/yoast-seo-wordpress\/ -->\n<title>Th\u00e9rapie manuelle \u00e9nerg\u00e9tique -<\/title>\n<meta name=\"description\" content=\"Aucune contrainte sur le corps, pas de modification de la structure, la manipulation se passe sur les mouvements fluidiques retrouv\u00e9s \u00e0 la surface du corps.\" \/>\n<meta name=\"robots\" content=\"index, follow, max-snippet:-1, max-image-preview:large, max-video-preview:-1\" \/>\n<link rel=\"canonical\" href=\"https:\/\/christine-magnetiseur-guerisseur.com\/index.php\/therapie-manuelle-fluidique\/\" \/>\n<meta property=\"og:locale\" content=\"fr_FR\" \/>\n<meta property=\"og:type\" content=\"article\" \/>\n<meta property=\"og:title\" content=\"Th\u00e9rapie manuelle \u00e9nerg\u00e9tique -\" \/>\n<meta property=\"og:description\" content=\"Aucune contrainte sur le corps, pas de modification de la structure, la manipulation se passe sur les mouvements fluidiques retrouv\u00e9s \u00e0 la surface du corps.\" \/>\n<meta property=\"og:url\" content=\"https:\/\/christine-magnetiseur-guerisseur.com\/index.php\/therapie-manuelle-fluidique\/\" \/>\n<meta property=\"article:modified_time\" content=\"2020-03-02T20:00:45+00:00\" \/>\n<meta property=\"og:image\" content=\"http:\/\/christine-magnetiseur-guerisseur.com\/wp-content\/uploads\/2017\/12\/Osteo-300x100.gif\" \/>\n<meta name=\"twitter:card\" content=\"summary_large_image\" \/>\n<meta name=\"twitter:label1\" content=\"Dur\u00e9e de lecture estim\u00e9e\" \/>\n\t<meta name=\"twitter:data1\" content=\"1 minute\" \/>\n<script type=\"application\/ld+json\" class=\"yoast-schema-graph\">{\"@context\":\"https:\\\/\\\/schema.org\",\"@graph\":[{\"@type\":\"WebPage\",\"@id\":\"https:\\\/\\\/christine-magnetiseur-guerisseur.com\\\/index.php\\\/therapie-manuelle-fluidique\\\/\",\"url\":\"https:\\\/\\\/christine-magnetiseur-guerisseur.com\\\/index.php\\\/therapie-manuelle-fluidique\\\/\",\"name\":\"Th\u00e9rapie manuelle \u00e9nerg\u00e9tique -\",\"isPartOf\":{\"@id\":\"https:\\\/\\\/christine-magnetiseur-guerisseur.com\\\/#website\"},\"primaryImageOfPage\":{\"@id\":\"https:\\\/\\\/christine-magnetiseur-guerisseur.com\\\/index.php\\\/therapie-manuelle-fluidique\\\/#primaryimage\"},\"image\":{\"@id\":\"https:\\\/\\\/christine-magnetiseur-guerisseur.com\\\/index.php\\\/therapie-manuelle-fluidique\\\/#primaryimage\"},\"thumbnailUrl\":\"http:\\\/\\\/christine-magnetiseur-guerisseur.com\\\/wp-content\\\/uploads\\\/2017\\\/12\\\/Osteo-300x100.gif\",\"datePublished\":\"2017-05-30T20:46:44+00:00\",\"dateModified\":\"2020-03-02T20:00:45+00:00\",\"description\":\"Aucune contrainte sur le corps, pas de modification de la structure, la manipulation se passe sur les mouvements fluidiques retrouv\u00e9s \u00e0 la surface du corps.\",\"breadcrumb\":{\"@id\":\"https:\\\/\\\/christine-magnetiseur-guerisseur.com\\\/index.php\\\/therapie-manuelle-fluidique\\\/#breadcrumb\"},\"inLanguage\":\"fr-FR\",\"potentialAction\":[{\"@type\":\"ReadAction\",\"target\":[\"https:\\\/\\\/christine-magnetiseur-guerisseur.com\\\/index.php\\\/therapie-manuelle-fluidique\\\/\"]}]},{\"@type\":\"ImageObject\",\"inLanguage\":\"fr-FR\",\"@id\":\"https:\\\/\\\/christine-magnetiseur-guerisseur.com\\\/index.php\\\/therapie-manuelle-fluidique\\\/#primaryimage\",\"url\":\"http:\\\/\\\/christine-magnetiseur-guerisseur.com\\\/wp-content\\\/uploads\\\/2017\\\/12\\\/Osteo-300x100.gif\",\"contentUrl\":\"http:\\\/\\\/christine-magnetiseur-guerisseur.com\\\/wp-content\\\/uploads\\\/2017\\\/12\\\/Osteo-300x100.gif\"},{\"@type\":\"BreadcrumbList\",\"@id\":\"https:\\\/\\\/christine-magnetiseur-guerisseur.com\\\/index.php\\\/therapie-manuelle-fluidique\\\/#breadcrumb\",\"itemListElement\":[{\"@type\":\"ListItem\",\"position\":1,\"name\":\"Accueil\",\"item\":\"https:\\\/\\\/christine-magnetiseur-guerisseur.com\\\/\"},{\"@type\":\"ListItem\",\"position\":2,\"name\":\"Th\u00e9rapie manuelle \u00e9nerg\u00e9tique\"}]},{\"@type\":\"WebSite\",\"@id\":\"https:\\\/\\\/christine-magnetiseur-guerisseur.com\\\/#website\",\"url\":\"https:\\\/\\\/christine-magnetiseur-guerisseur.com\\\/\",\"name\":\"\",\"description\":\"Christine Basse Franks \u00e0 l&#039;\u00e9coute du corps...\",\"publisher\":{\"@id\":\"https:\\\/\\\/christine-magnetiseur-guerisseur.com\\\/#\\\/schema\\\/person\\\/9f9527ef5b3209c6239aa0a4250ed75f\"},\"potentialAction\":[{\"@type\":\"SearchAction\",\"target\":{\"@type\":\"EntryPoint\",\"urlTemplate\":\"https:\\\/\\\/christine-magnetiseur-guerisseur.com\\\/?s={search_term_string}\"},\"query-input\":{\"@type\":\"PropertyValueSpecification\",\"valueRequired\":true,\"valueName\":\"search_term_string\"}}],\"inLanguage\":\"fr-FR\"},{\"@type\":[\"Person\",\"Organization\"],\"@id\":\"https:\\\/\\\/christine-magnetiseur-guerisseur.com\\\/#\\\/schema\\\/person\\\/9f9527ef5b3209c6239aa0a4250ed75f\",\"name\":\"Christine Basse\",\"image\":{\"@type\":\"ImageObject\",\"inLanguage\":\"fr-FR\",\"@id\":\"http:\\\/\\\/christine-magnetiseur-guerisseur.com\\\/wp-content\\\/uploads\\\/2020\\\/07\\\/BD\u00a9-Christine-Se\u0301lection-_BDT0636.jpg\",\"url\":\"http:\\\/\\\/christine-magnetiseur-guerisseur.com\\\/wp-content\\\/uploads\\\/2020\\\/07\\\/BD\u00a9-Christine-Se\u0301lection-_BDT0636.jpg\",\"contentUrl\":\"http:\\\/\\\/christine-magnetiseur-guerisseur.com\\\/wp-content\\\/uploads\\\/2020\\\/07\\\/BD\u00a9-Christine-Se\u0301lection-_BDT0636.jpg\",\"width\":1047,\"height\":1571,\"caption\":\"Christine Basse\"},\"logo\":{\"@id\":\"http:\\\/\\\/christine-magnetiseur-guerisseur.com\\\/wp-content\\\/uploads\\\/2020\\\/07\\\/BD\u00a9-Christine-Se\u0301lection-_BDT0636.jpg\"}}]}<\/script>\n<!-- \/ Yoast SEO plugin. -->","yoast_head_json":{"title":"Th\u00e9rapie manuelle \u00e9nerg\u00e9tique -","description":"Aucune contrainte sur le corps, pas de modification de la structure, la manipulation se passe sur les mouvements fluidiques retrouv\u00e9s \u00e0 la surface du corps.","robots":{"index":"index","follow":"follow","max-snippet":"max-snippet:-1","max-image-preview":"max-image-preview:large","max-video-preview":"max-video-preview:-1"},"canonical":"https:\/\/christine-magnetiseur-guerisseur.com\/index.php\/therapie-manuelle-fluidique\/","og_locale":"fr_FR","og_type":"article","og_title":"Th\u00e9rapie manuelle \u00e9nerg\u00e9tique -","og_description":"Aucune contrainte sur le corps, pas de modification de la structure, la manipulation se passe sur les mouvements fluidiques retrouv\u00e9s \u00e0 la surface du corps.","og_url":"https:\/\/christine-magnetiseur-guerisseur.com\/index.php\/therapie-manuelle-fluidique\/","article_modified_time":"2020-03-02T20:00:45+00:00","og_image":[{"url":"http:\/\/christine-magnetiseur-guerisseur.com\/wp-content\/uploads\/2017\/12\/Osteo-300x100.gif","type":"","width":"","height":""}],"twitter_card":"summary_large_image","twitter_misc":{"Dur\u00e9e de lecture estim\u00e9e":"1 minute"},"schema":{"@context":"https:\/\/schema.org","@graph":[{"@type":"WebPage","@id":"https:\/\/christine-magnetiseur-guerisseur.com\/index.php\/therapie-manuelle-fluidique\/","url":"https:\/\/christine-magnetiseur-guerisseur.com\/index.php\/therapie-manuelle-fluidique\/","name":"Th\u00e9rapie manuelle \u00e9nerg\u00e9tique -","isPartOf":{"@id":"https:\/\/christine-magnetiseur-guerisseur.com\/#website"},"primaryImageOfPage":{"@id":"https:\/\/christine-magnetiseur-guerisseur.com\/index.php\/therapie-manuelle-fluidique\/#primaryimage"},"image":{"@id":"https:\/\/christine-magnetiseur-guerisseur.com\/index.php\/therapie-manuelle-fluidique\/#primaryimage"},"thumbnailUrl":"http:\/\/christine-magnetiseur-guerisseur.com\/wp-content\/uploads\/2017\/12\/Osteo-300x100.gif","datePublished":"2017-05-30T20:46:44+00:00","dateModified":"2020-03-02T20:00:45+00:00","description":"Aucune contrainte sur le corps, pas de modification de la structure, la manipulation se passe sur les mouvements fluidiques retrouv\u00e9s \u00e0 la surface du corps.","breadcrumb":{"@id":"https:\/\/christine-magnetiseur-guerisseur.com\/index.php\/therapie-manuelle-fluidique\/#breadcrumb"},"inLanguage":"fr-FR","potentialAction":[{"@type":"ReadAction","target":["https:\/\/christine-magnetiseur-guerisseur.com\/index.php\/therapie-manuelle-fluidique\/"]}]},{"@type":"ImageObject","inLanguage":"fr-FR","@id":"https:\/\/christine-magnetiseur-guerisseur.com\/index.php\/therapie-manuelle-fluidique\/#primaryimage","url":"http:\/\/christine-magnetiseur-guerisseur.com\/wp-content\/uploads\/2017\/12\/Osteo-300x100.gif","contentUrl":"http:\/\/christine-magnetiseur-guerisseur.com\/wp-content\/uploads\/2017\/12\/Osteo-300x100.gif"},{"@type":"BreadcrumbList","@id":"https:\/\/christine-magnetiseur-guerisseur.com\/index.php\/therapie-manuelle-fluidique\/#breadcrumb","itemListElement":[{"@type":"ListItem","position":1,"name":"Accueil","item":"https:\/\/christine-magnetiseur-guerisseur.com\/"},{"@type":"ListItem","position":2,"name":"Th\u00e9rapie manuelle \u00e9nerg\u00e9tique"}]},{"@type":"WebSite","@id":"https:\/\/christine-magnetiseur-guerisseur.com\/#website","url":"https:\/\/christine-magnetiseur-guerisseur.com\/","name":"","description":"Christine Basse Franks \u00e0 l&#039;\u00e9coute du corps...","publisher":{"@id":"https:\/\/christine-magnetiseur-guerisseur.com\/#\/schema\/person\/9f9527ef5b3209c6239aa0a4250ed75f"},"potentialAction":[{"@type":"SearchAction","target":{"@type":"EntryPoint","urlTemplate":"https:\/\/christine-magnetiseur-guerisseur.com\/?s={search_term_string}"},"query-input":{"@type":"PropertyValueSpecification","valueRequired":true,"valueName":"search_term_string"}}],"inLanguage":"fr-FR"},{"@type":["Person","Organization"],"@id":"https:\/\/christine-magnetiseur-guerisseur.com\/#\/schema\/person\/9f9527ef5b3209c6239aa0a4250ed75f","name":"Christine Basse","image":{"@type":"ImageObject","inLanguage":"fr-FR","@id":"http:\/\/christine-magnetiseur-guerisseur.com\/wp-content\/uploads\/2020\/07\/BD\u00a9-Christine-Se\u0301lection-_BDT0636.jpg","url":"http:\/\/christine-magnetiseur-guerisseur.com\/wp-content\/uploads\/2020\/07\/BD\u00a9-Christine-Se\u0301lection-_BDT0636.jpg","contentUrl":"http:\/\/christine-magnetiseur-guerisseur.com\/wp-content\/uploads\/2020\/07\/BD\u00a9-Christine-Se\u0301lection-_BDT0636.jpg","width":1047,"height":1571,"caption":"Christine Basse"},"logo":{"@id":"http:\/\/christine-magnetiseur-guerisseur.com\/wp-content\/uploads\/2020\/07\/BD\u00a9-Christine-Se\u0301lection-_BDT0636.jpg"}}]}},"_links":{"self":[{"href":"https:\/\/christine-magnetiseur-guerisseur.com\/index.php\/wp-json\/wp\/v2\/pages\/131","targetHints":{"allow":["GET"]}}],"collection":[{"href":"https:\/\/christine-magnetiseur-guerisseur.com\/index.php\/wp-json\/wp\/v2\/pages"}],"about":[{"href":"https:\/\/christine-magnetiseur-guerisseur.com\/index.php\/wp-json\/wp\/v2\/types\/page"}],"author":[{"embeddable":true,"href":"https:\/\/christine-magnetiseur-guerisseur.com\/index.php\/wp-json\/wp\/v2\/users\/1"}],"replies":[{"embeddable":true,"href":"https:\/\/christine-magnetiseur-guerisseur.com\/index.php\/wp-json\/wp\/v2\/comments?post=131"}],"version-history":[{"count":21,"href":"https:\/\/christine-magnetiseur-guerisseur.com\/index.php\/wp-json\/wp\/v2\/pages\/131\/revisions"}],"predecessor-version":[{"id":650,"href":"https:\/\/christine-magnetiseur-guerisseur.com\/index.php\/wp-json\/wp\/v2\/pages\/131\/revisions\/650"}],"wp:attachment":[{"href":"https:\/\/christine-magnetiseur-guerisseur.com\/index.php\/wp-json\/wp\/v2\/media?parent=131"}],"curies":[{"name":"wp","href":"https:\/\/api.w.org\/{rel}","templated":true}]}}