{"id":125,"date":"2017-05-30T22:40:43","date_gmt":"2017-05-30T20:40:43","guid":{"rendered":"http:\/\/christine-magnetiseur-guerisseur.com\/?page_id=125"},"modified":"2023-05-28T21:24:21","modified_gmt":"2023-05-28T19:24:21","slug":"reflexotherapie-soulager-les-maux","status":"publish","type":"page","link":"https:\/\/christine-magnetiseur-guerisseur.com\/index.php\/reflexotherapie-soulager-les-maux\/","title":{"rendered":"R\u00e9flexoth\u00e9rapie"},"content":{"rendered":"<p><span style=\"color: #003366;\">Je pratique aussi la r\u00e9flexoth\u00e9rapie, une technique visant \u00e0 stimuler les processus d\u2019autogu\u00e9rison du corps humain. Je peux ainsi soulager vos diff\u00e9rents maux : maux de t\u00eate ou de dos, syndrome pr\u00e9menstruel, stress, troubles respiratoires, scl\u00e9rose en plaques, effets ind\u00e9sirables de la chimioth\u00e9rapie\u2026<img loading=\"lazy\" decoding=\"async\" class=\"alignright wp-image-314 size-medium\" src=\"https:\/\/christine-magnetiseur-guerisseur.com\/wp-content\/uploads\/2017\/12\/Refexotherapie-300x200.jpg\" alt=\"Christine Basse - R\u00e9flexologie Plantaire\" width=\"300\" height=\"200\" srcset=\"https:\/\/christine-magnetiseur-guerisseur.com\/wp-content\/uploads\/2017\/12\/Refexotherapie-300x200.jpg 300w, https:\/\/christine-magnetiseur-guerisseur.com\/wp-content\/uploads\/2017\/12\/Refexotherapie-768x512.jpg 768w, https:\/\/christine-magnetiseur-guerisseur.com\/wp-content\/uploads\/2017\/12\/Refexotherapie.jpg 1000w\" sizes=\"auto, (max-width: 300px) 100vw, 300px\" \/><\/span><\/p>\n<p><span style=\"color: #003366;\">Concr\u00e8tement, J&rsquo;exercerai avec le bout de mes doigts une pression soutenue sur les zones r\u00e9flexes de votre corps. Ces zones sont situ\u00e9es sur les pieds et les mains . Elles correspondent \u00e0 des organes ou \u00e0 des fonctions organiques.<\/span><\/p>\n<p><span style=\"color: #003366;\">M\u00eame si la r\u00e9flexoth\u00e9rapie ressemble \u00e0 premi\u00e8re vue \u00e0 une technique de massage, elle s\u2019apparente davantage au shiatsu ou \u00e0 l\u2019acupuncture. Pratiqu\u00e9e par un sp\u00e9cialiste, elle vous apportera un r\u00e9el soulagement.<\/span><\/p>\n<h3><span style=\"color: #99ccff;\">R\u00c9FLEXOTH\u00c9RAPIE PLANTAIRE, LA SANT\u00c9 DANS LES PIEDS&nbsp;!<\/span><\/h3>\n<p class=\"large-1 columns\"><span style=\"color: #003366;\">Vous ressentez de la fatigue&nbsp;? <\/span><\/p>\n<p class=\"large-1 columns\"><span style=\"color: #003366;\">Bichonnez votre corps au moyen de la <a style=\"color: #003366;\" href=\"https:\/\/doctonat.com\/reflexologie-plantaire-bienfaits\/\" target=\"_blank\" rel=\"noopener\">R\u00e9flexoth\u00e9rapie plantaire<\/a>&nbsp;! <\/span><\/p>\n<p class=\"large-1 columns\"><span style=\"color: #003366;\">En effet, d\u00e9coulant de la m\u00e9decine chinoise, elle est une des techniques de maintenance de votre sant\u00e9, de votre d\u00e9tente, de votre confort et de votre bien-\u00eatre. <\/span><\/p>\n<p class=\"large-1 columns\"><span style=\"color: #003366;\">Cette m\u00e9thode est un moyen pratique de lutter contre le stress par exemple et pour booster les points faibles de votre organisme pour lui redonner et r\u00e9\u00e9quilibrer sa vitalit\u00e9. Elle a aussi un effet b\u00e9n\u00e9fique sur votre circulation sanguine, le rel\u00e2chement de vos tensions ou l\u2019am\u00e9lioration de votre sommeil\u2026<\/span><\/p>\n<p class=\"large-1 columns\"><span style=\"color: #003366;\"> Votre pied est donc \u00e0 l\u2019honneur, &nbsp;car c\u2019est par le massage de la vo\u00fbte plantaire qu\u2019agit la r\u00e9flexoth\u00e9rapie plantaire. Essayez- la, le r\u00e9sultat va vous \u00e9tonner&nbsp;!<\/span><\/p>\n<h3><span style=\"color: #99ccff;\">R\u00c9FLEXOLOGIE DE LA MAIN, LE BIEN-\u00caTRE ACCOMPLI !&nbsp;<\/span><\/h3>\n<p class=\"large-1 columns\"><span style=\"color: #003366;\">Vous sentez que vous n\u2019\u00eates pas du tout en harmonie avec votre corps&nbsp;? <\/span><\/p>\n<p class=\"large-1 columns\"><span style=\"color: #003366;\">Faites-vous masser les mains! <\/span><\/p>\n<p class=\"large-1 columns\"><span style=\"color: #003366;\">Savez-vous que votre main traduit toute l\u2019histoire de votre corps, comme votre pied ?&nbsp; En effet, vos mains disposent de nombreuses terminaisons nerveuses li\u00e9es \u00e0 tout votre organisme. En massant vos mains, tous les organes de votre corps sont sollicit\u00e9s et les diverses pathologies sont trait\u00e9es&nbsp;: bronchite, allergies, constipation\u2026 <\/span><\/p>\n<p class=\"large-1 columns\"><span style=\"color: #003366;\">Il stimule et calme l\u2019ensemble de votre corps apr\u00e8s une longue journ\u00e9e par exemple. La R\u00e9flexologie palmaire peut \u00eatre pratiqu\u00e9e dans toutes les circonstances, tr\u00e8s efficace, simple et ne prend pas beaucoup de temps. <\/span><\/p>\n<p class=\"large-1 columns\"><span style=\"color: #003366;\">Alors, n\u2019h\u00e9sitez pas \u00e0 consulter <a style=\"color: #003366;\" href=\"http:\/\/www.christine-magnetiseur-guerisseur.fr\/reflexotherapie.php\">un r\u00e9flexologue de la main<\/a>, votre sant\u00e9 est \u00e0 la port\u00e9e de la main&nbsp;!<\/span><\/p>\n<figure class=\"large-1 columns\"><\/figure>\n<p><span style=\"color: #003366;\">D\u00e9couvrez mes autres prestations :<\/span><\/p>\n<ul>\n<li><a href=\"https:\/\/christine-magnetiseur-guerisseur.com\/index.php\/enigma-slider\/593\/\" target=\"_blank\" rel=\"noopener\">Magn\u00e9tiseuse Gu\u00e9risseuse<\/a><\/li>\n<li><a href=\"https:\/\/christine-magnetiseur-guerisseur.com\/index.php\/enigma-slider\/595\/\" target=\"_blank\" rel=\"noopener\">Auriculoth\u00e9rapie<\/a><\/li>\n<li><a href=\"https:\/\/christine-magnetiseur-guerisseur.com\/index.php\/enigma-slider\/reflexotherapeute\/\" target=\"_blank\" rel=\"noopener\">R\u00e9flexoth\u00e9rapie<\/a><\/li>\n<li><a href=\"https:\/\/christine-magnetiseur-guerisseur.com\/index.php\/enigma-slider\/591\/\" target=\"_blank\" rel=\"noopener\">Th\u00e9rapie manuelle \u00e9nerg\u00e9tique<\/a><\/li>\n<\/ul>\n\n\n<div class=\"wp-block-columns is-layout-flex wp-container-core-columns-is-layout-9d6595d7 wp-block-columns-is-layout-flex\">\n<div class=\"wp-block-column is-layout-flow wp-block-column-is-layout-flow\">\n<p><span style=\"background-color: #ffffff; color: #ffffff;\"><a class=\"row-title\" style=\"background-color: #ffffff; color: #ffffff;\" href=\"https:\/\/christine-magnetiseur-guerisseur.com\/wp-admin\/post.php?post=47&amp;action=edit\" aria-label=\"\u00ab&nbsp;R\u00c9FLEXOTH\u00c9RAPIE PLANTAIRE LA TESTE DE BUCH&nbsp;\u00bb (Modifier)\">R\u00c9FLEXOTH\u00c9RAPIE PLANTAIRE LA TESTE DE BUCH<\/a><\/span><\/p>\n<\/div>\n\n\n\n<div class=\"wp-block-column is-layout-flow wp-block-column-is-layout-flow\">\n<p><span style=\"color: #ffffff;\"><a class=\"row-title\" style=\"color: #ffffff;\" href=\"https:\/\/christine-magnetiseur-guerisseur.com\/wp-admin\/post.php?post=45&amp;action=edit\" aria-label=\"\u00ab&nbsp;R\u00c9FLEXOTHERAPEUTE ARCACHON&nbsp;\u00bb (Modifier)\">R\u00c9FLEXOTHERAPEUTE ARCACHON<\/a><\/span><\/p>\n<\/div>\n\n\n\n<div class=\"wp-block-column is-layout-flow wp-block-column-is-layout-flow\"><\/div>\n<\/div>\n\n\n\n<hr \/>\n<p style=\"text-align: right;\"><span style=\"color: #000000;\"><span style=\"color: #11a5fa;\"><strong>Christine BASSE FRANKS<\/strong><\/span>\u00a0<span style=\"color: #003366;\">&#8211; magn\u00e9tiseuse &#8211; gu\u00e9risseuse<\/span><\/span><\/p>\n<p>\u00a0<\/p>\n","protected":false},"excerpt":{"rendered":"<p>Je pratique aussi la r\u00e9flexoth\u00e9rapie, une technique visant \u00e0 stimuler les processus d\u2019autogu\u00e9rison du corps humain. Je peux ainsi soulager vos diff\u00e9rents maux : maux de t\u00eate ou de dos, syndrome pr\u00e9menstruel, stress, troubles respiratoires, scl\u00e9rose en plaques, effets ind\u00e9sirables de la chimioth\u00e9rapie\u2026 Concr\u00e8tement, J&rsquo;exercerai avec le bout de mes doigts une pression soutenue sur<\/p>\n","protected":false},"author":1,"featured_media":0,"parent":0,"menu_order":0,"comment_status":"closed","ping_status":"closed","template":"page-fullwidth.php","meta":{"footnotes":""},"class_list":["post-125","page","type-page","status-publish","hentry"],"yoast_head":"<!-- This site is optimized with the Yoast SEO plugin v27.6 - https:\/\/yoast.com\/product\/yoast-seo-wordpress\/ -->\n<title>R\u00e9flexoth\u00e9rapie - technique stimulation d\u2019autogu\u00e9rison du corps humain<\/title>\n<meta name=\"description\" content=\"la r\u00e9flexoth\u00e9rapie, une technique visant \u00e0 stimuler les processus d\u2019autogu\u00e9rison du corps humain. Je peux ainsi soulager vos diff\u00e9rents maux.\" \/>\n<meta name=\"robots\" content=\"index, follow, max-snippet:-1, max-image-preview:large, max-video-preview:-1\" \/>\n<link rel=\"canonical\" href=\"https:\/\/christine-magnetiseur-guerisseur.com\/index.php\/reflexotherapie-soulager-les-maux\/\" \/>\n<meta property=\"og:locale\" content=\"fr_FR\" \/>\n<meta property=\"og:type\" content=\"article\" \/>\n<meta property=\"og:title\" content=\"R\u00e9flexoth\u00e9rapie - technique stimulation d\u2019autogu\u00e9rison du corps humain\" \/>\n<meta property=\"og:description\" content=\"la r\u00e9flexoth\u00e9rapie, une technique visant \u00e0 stimuler les processus d\u2019autogu\u00e9rison du corps humain. Je peux ainsi soulager vos diff\u00e9rents maux.\" \/>\n<meta property=\"og:url\" content=\"https:\/\/christine-magnetiseur-guerisseur.com\/index.php\/reflexotherapie-soulager-les-maux\/\" \/>\n<meta property=\"article:modified_time\" content=\"2023-05-28T19:24:21+00:00\" \/>\n<meta property=\"og:image\" content=\"http:\/\/christine-magnetiseur-guerisseur.com\/wp-content\/uploads\/2017\/12\/Refexotherapie-300x200.jpg\" \/>\n<meta name=\"twitter:card\" content=\"summary_large_image\" \/>\n<meta name=\"twitter:label1\" content=\"Dur\u00e9e de lecture estim\u00e9e\" \/>\n\t<meta name=\"twitter:data1\" content=\"3 minutes\" \/>\n<script type=\"application\/ld+json\" class=\"yoast-schema-graph\">{\"@context\":\"https:\\\/\\\/schema.org\",\"@graph\":[{\"@type\":\"WebPage\",\"@id\":\"https:\\\/\\\/christine-magnetiseur-guerisseur.com\\\/index.php\\\/reflexotherapie-soulager-les-maux\\\/\",\"url\":\"https:\\\/\\\/christine-magnetiseur-guerisseur.com\\\/index.php\\\/reflexotherapie-soulager-les-maux\\\/\",\"name\":\"R\u00e9flexoth\u00e9rapie - technique stimulation d\u2019autogu\u00e9rison du corps humain\",\"isPartOf\":{\"@id\":\"https:\\\/\\\/christine-magnetiseur-guerisseur.com\\\/#website\"},\"primaryImageOfPage\":{\"@id\":\"https:\\\/\\\/christine-magnetiseur-guerisseur.com\\\/index.php\\\/reflexotherapie-soulager-les-maux\\\/#primaryimage\"},\"image\":{\"@id\":\"https:\\\/\\\/christine-magnetiseur-guerisseur.com\\\/index.php\\\/reflexotherapie-soulager-les-maux\\\/#primaryimage\"},\"thumbnailUrl\":\"http:\\\/\\\/christine-magnetiseur-guerisseur.com\\\/wp-content\\\/uploads\\\/2017\\\/12\\\/Refexotherapie-300x200.jpg\",\"datePublished\":\"2017-05-30T20:40:43+00:00\",\"dateModified\":\"2023-05-28T19:24:21+00:00\",\"description\":\"la r\u00e9flexoth\u00e9rapie, une technique visant \u00e0 stimuler les processus d\u2019autogu\u00e9rison du corps humain. Je peux ainsi soulager vos diff\u00e9rents maux.\",\"breadcrumb\":{\"@id\":\"https:\\\/\\\/christine-magnetiseur-guerisseur.com\\\/index.php\\\/reflexotherapie-soulager-les-maux\\\/#breadcrumb\"},\"inLanguage\":\"fr-FR\",\"potentialAction\":[{\"@type\":\"ReadAction\",\"target\":[\"https:\\\/\\\/christine-magnetiseur-guerisseur.com\\\/index.php\\\/reflexotherapie-soulager-les-maux\\\/\"]}]},{\"@type\":\"ImageObject\",\"inLanguage\":\"fr-FR\",\"@id\":\"https:\\\/\\\/christine-magnetiseur-guerisseur.com\\\/index.php\\\/reflexotherapie-soulager-les-maux\\\/#primaryimage\",\"url\":\"http:\\\/\\\/christine-magnetiseur-guerisseur.com\\\/wp-content\\\/uploads\\\/2017\\\/12\\\/Refexotherapie-300x200.jpg\",\"contentUrl\":\"http:\\\/\\\/christine-magnetiseur-guerisseur.com\\\/wp-content\\\/uploads\\\/2017\\\/12\\\/Refexotherapie-300x200.jpg\"},{\"@type\":\"BreadcrumbList\",\"@id\":\"https:\\\/\\\/christine-magnetiseur-guerisseur.com\\\/index.php\\\/reflexotherapie-soulager-les-maux\\\/#breadcrumb\",\"itemListElement\":[{\"@type\":\"ListItem\",\"position\":1,\"name\":\"Accueil\",\"item\":\"https:\\\/\\\/christine-magnetiseur-guerisseur.com\\\/\"},{\"@type\":\"ListItem\",\"position\":2,\"name\":\"R\u00e9flexoth\u00e9rapie\"}]},{\"@type\":\"WebSite\",\"@id\":\"https:\\\/\\\/christine-magnetiseur-guerisseur.com\\\/#website\",\"url\":\"https:\\\/\\\/christine-magnetiseur-guerisseur.com\\\/\",\"name\":\"\",\"description\":\"Christine Basse Franks \u00e0 l&#039;\u00e9coute du corps...\",\"publisher\":{\"@id\":\"https:\\\/\\\/christine-magnetiseur-guerisseur.com\\\/#\\\/schema\\\/person\\\/9f9527ef5b3209c6239aa0a4250ed75f\"},\"potentialAction\":[{\"@type\":\"SearchAction\",\"target\":{\"@type\":\"EntryPoint\",\"urlTemplate\":\"https:\\\/\\\/christine-magnetiseur-guerisseur.com\\\/?s={search_term_string}\"},\"query-input\":{\"@type\":\"PropertyValueSpecification\",\"valueRequired\":true,\"valueName\":\"search_term_string\"}}],\"inLanguage\":\"fr-FR\"},{\"@type\":[\"Person\",\"Organization\"],\"@id\":\"https:\\\/\\\/christine-magnetiseur-guerisseur.com\\\/#\\\/schema\\\/person\\\/9f9527ef5b3209c6239aa0a4250ed75f\",\"name\":\"Christine Basse\",\"image\":{\"@type\":\"ImageObject\",\"inLanguage\":\"fr-FR\",\"@id\":\"http:\\\/\\\/christine-magnetiseur-guerisseur.com\\\/wp-content\\\/uploads\\\/2020\\\/07\\\/BD\u00a9-Christine-Se\u0301lection-_BDT0636.jpg\",\"url\":\"http:\\\/\\\/christine-magnetiseur-guerisseur.com\\\/wp-content\\\/uploads\\\/2020\\\/07\\\/BD\u00a9-Christine-Se\u0301lection-_BDT0636.jpg\",\"contentUrl\":\"http:\\\/\\\/christine-magnetiseur-guerisseur.com\\\/wp-content\\\/uploads\\\/2020\\\/07\\\/BD\u00a9-Christine-Se\u0301lection-_BDT0636.jpg\",\"width\":1047,\"height\":1571,\"caption\":\"Christine Basse\"},\"logo\":{\"@id\":\"http:\\\/\\\/christine-magnetiseur-guerisseur.com\\\/wp-content\\\/uploads\\\/2020\\\/07\\\/BD\u00a9-Christine-Se\u0301lection-_BDT0636.jpg\"}}]}<\/script>\n<!-- \/ Yoast SEO plugin. -->","yoast_head_json":{"title":"R\u00e9flexoth\u00e9rapie - technique stimulation d\u2019autogu\u00e9rison du corps humain","description":"la r\u00e9flexoth\u00e9rapie, une technique visant \u00e0 stimuler les processus d\u2019autogu\u00e9rison du corps humain. Je peux ainsi soulager vos diff\u00e9rents maux.","robots":{"index":"index","follow":"follow","max-snippet":"max-snippet:-1","max-image-preview":"max-image-preview:large","max-video-preview":"max-video-preview:-1"},"canonical":"https:\/\/christine-magnetiseur-guerisseur.com\/index.php\/reflexotherapie-soulager-les-maux\/","og_locale":"fr_FR","og_type":"article","og_title":"R\u00e9flexoth\u00e9rapie - technique stimulation d\u2019autogu\u00e9rison du corps humain","og_description":"la r\u00e9flexoth\u00e9rapie, une technique visant \u00e0 stimuler les processus d\u2019autogu\u00e9rison du corps humain. Je peux ainsi soulager vos diff\u00e9rents maux.","og_url":"https:\/\/christine-magnetiseur-guerisseur.com\/index.php\/reflexotherapie-soulager-les-maux\/","article_modified_time":"2023-05-28T19:24:21+00:00","og_image":[{"url":"http:\/\/christine-magnetiseur-guerisseur.com\/wp-content\/uploads\/2017\/12\/Refexotherapie-300x200.jpg","type":"","width":"","height":""}],"twitter_card":"summary_large_image","twitter_misc":{"Dur\u00e9e de lecture estim\u00e9e":"3 minutes"},"schema":{"@context":"https:\/\/schema.org","@graph":[{"@type":"WebPage","@id":"https:\/\/christine-magnetiseur-guerisseur.com\/index.php\/reflexotherapie-soulager-les-maux\/","url":"https:\/\/christine-magnetiseur-guerisseur.com\/index.php\/reflexotherapie-soulager-les-maux\/","name":"R\u00e9flexoth\u00e9rapie - technique stimulation d\u2019autogu\u00e9rison du corps humain","isPartOf":{"@id":"https:\/\/christine-magnetiseur-guerisseur.com\/#website"},"primaryImageOfPage":{"@id":"https:\/\/christine-magnetiseur-guerisseur.com\/index.php\/reflexotherapie-soulager-les-maux\/#primaryimage"},"image":{"@id":"https:\/\/christine-magnetiseur-guerisseur.com\/index.php\/reflexotherapie-soulager-les-maux\/#primaryimage"},"thumbnailUrl":"http:\/\/christine-magnetiseur-guerisseur.com\/wp-content\/uploads\/2017\/12\/Refexotherapie-300x200.jpg","datePublished":"2017-05-30T20:40:43+00:00","dateModified":"2023-05-28T19:24:21+00:00","description":"la r\u00e9flexoth\u00e9rapie, une technique visant \u00e0 stimuler les processus d\u2019autogu\u00e9rison du corps humain. Je peux ainsi soulager vos diff\u00e9rents maux.","breadcrumb":{"@id":"https:\/\/christine-magnetiseur-guerisseur.com\/index.php\/reflexotherapie-soulager-les-maux\/#breadcrumb"},"inLanguage":"fr-FR","potentialAction":[{"@type":"ReadAction","target":["https:\/\/christine-magnetiseur-guerisseur.com\/index.php\/reflexotherapie-soulager-les-maux\/"]}]},{"@type":"ImageObject","inLanguage":"fr-FR","@id":"https:\/\/christine-magnetiseur-guerisseur.com\/index.php\/reflexotherapie-soulager-les-maux\/#primaryimage","url":"http:\/\/christine-magnetiseur-guerisseur.com\/wp-content\/uploads\/2017\/12\/Refexotherapie-300x200.jpg","contentUrl":"http:\/\/christine-magnetiseur-guerisseur.com\/wp-content\/uploads\/2017\/12\/Refexotherapie-300x200.jpg"},{"@type":"BreadcrumbList","@id":"https:\/\/christine-magnetiseur-guerisseur.com\/index.php\/reflexotherapie-soulager-les-maux\/#breadcrumb","itemListElement":[{"@type":"ListItem","position":1,"name":"Accueil","item":"https:\/\/christine-magnetiseur-guerisseur.com\/"},{"@type":"ListItem","position":2,"name":"R\u00e9flexoth\u00e9rapie"}]},{"@type":"WebSite","@id":"https:\/\/christine-magnetiseur-guerisseur.com\/#website","url":"https:\/\/christine-magnetiseur-guerisseur.com\/","name":"","description":"Christine Basse Franks \u00e0 l&#039;\u00e9coute du corps...","publisher":{"@id":"https:\/\/christine-magnetiseur-guerisseur.com\/#\/schema\/person\/9f9527ef5b3209c6239aa0a4250ed75f"},"potentialAction":[{"@type":"SearchAction","target":{"@type":"EntryPoint","urlTemplate":"https:\/\/christine-magnetiseur-guerisseur.com\/?s={search_term_string}"},"query-input":{"@type":"PropertyValueSpecification","valueRequired":true,"valueName":"search_term_string"}}],"inLanguage":"fr-FR"},{"@type":["Person","Organization"],"@id":"https:\/\/christine-magnetiseur-guerisseur.com\/#\/schema\/person\/9f9527ef5b3209c6239aa0a4250ed75f","name":"Christine Basse","image":{"@type":"ImageObject","inLanguage":"fr-FR","@id":"http:\/\/christine-magnetiseur-guerisseur.com\/wp-content\/uploads\/2020\/07\/BD\u00a9-Christine-Se\u0301lection-_BDT0636.jpg","url":"http:\/\/christine-magnetiseur-guerisseur.com\/wp-content\/uploads\/2020\/07\/BD\u00a9-Christine-Se\u0301lection-_BDT0636.jpg","contentUrl":"http:\/\/christine-magnetiseur-guerisseur.com\/wp-content\/uploads\/2020\/07\/BD\u00a9-Christine-Se\u0301lection-_BDT0636.jpg","width":1047,"height":1571,"caption":"Christine Basse"},"logo":{"@id":"http:\/\/christine-magnetiseur-guerisseur.com\/wp-content\/uploads\/2020\/07\/BD\u00a9-Christine-Se\u0301lection-_BDT0636.jpg"}}]}},"_links":{"self":[{"href":"https:\/\/christine-magnetiseur-guerisseur.com\/index.php\/wp-json\/wp\/v2\/pages\/125","targetHints":{"allow":["GET"]}}],"collection":[{"href":"https:\/\/christine-magnetiseur-guerisseur.com\/index.php\/wp-json\/wp\/v2\/pages"}],"about":[{"href":"https:\/\/christine-magnetiseur-guerisseur.com\/index.php\/wp-json\/wp\/v2\/types\/page"}],"author":[{"embeddable":true,"href":"https:\/\/christine-magnetiseur-guerisseur.com\/index.php\/wp-json\/wp\/v2\/users\/1"}],"replies":[{"embeddable":true,"href":"https:\/\/christine-magnetiseur-guerisseur.com\/index.php\/wp-json\/wp\/v2\/comments?post=125"}],"version-history":[{"count":12,"href":"https:\/\/christine-magnetiseur-guerisseur.com\/index.php\/wp-json\/wp\/v2\/pages\/125\/revisions"}],"predecessor-version":[{"id":806,"href":"https:\/\/christine-magnetiseur-guerisseur.com\/index.php\/wp-json\/wp\/v2\/pages\/125\/revisions\/806"}],"wp:attachment":[{"href":"https:\/\/christine-magnetiseur-guerisseur.com\/index.php\/wp-json\/wp\/v2\/media?parent=125"}],"curies":[{"name":"wp","href":"https:\/\/api.w.org\/{rel}","templated":true}]}}